{"id":19566,"date":"2015-08-02T16:23:37","date_gmt":"2015-08-02T16:23:37","guid":{"rendered":"http:\/\/www.sirenasmediterraneanacademy.com\/ca\/grupos-escolares\/"},"modified":"2018-03-23T18:47:05","modified_gmt":"2018-03-23T18:47:05","slug":"col-legis","status":"publish","type":"page","link":"https:\/\/www.sirenasmediterraneanacademy.com\/ca\/col-legis\/","title":{"rendered":"Col.legis"},"content":{"rendered":"<p>[vc_row row_type=&#8221;row&#8221; use_row_as_full_screen_section=&#8221;no&#8221; type=&#8221;grid&#8221; angled_section=&#8221;no&#8221; text_align=&#8221;left&#8221; background_image_as_pattern=&#8221;without_pattern&#8221; css_animation=&#8221;&#8221;][vc_column]<div class=\"custom_font_holder\" style=\" font-size: 30px; line-height: 38px; font-style: normal; font-weight: 400; color: #00788a; text-decoration: none; text-align: center;\">La nostra Acad\u00e8mia de Sirenes i Tritons realitza activitats educatives per a col.legis que volen aprendre d&#8217;un forma din\u00e0mica i divertida<span lang=\"ca\">.<\/span><\/div>[vc_separator type=&#8221;normal&#8221;][\/vc_column][\/vc_row][vc_row row_type=&#8221;row&#8221; use_row_as_full_screen_section=&#8221;no&#8221; type=&#8221;grid&#8221; angled_section=&#8221;no&#8221; text_align=&#8221;left&#8221; background_image_as_pattern=&#8221;without_pattern&#8221; padding_top=&#8221;60&#8243; padding_bottom=&#8221;35&#8243; css_animation=&#8221;&#8221;][vc_column width=&#8221;1\/2&#8243;][vc_separator type=&#8221;transparent&#8221; up=&#8221;10&#8243;][vc_video link=&#8221;https:\/\/www.youtube.com\/watch?v=wSF6lzI_2WQ&amp;feature=youtu.be&#8221;][vc_column_text]Activitat al Col.legi Parc de l&#8217;Aigua, Lleida[\/vc_column_text][\/vc_column][vc_column width=&#8221;1\/2&#8243;]<div class=\"custom_font_holder\" style=\" font-size: 30px; line-height: 38px; font-style: normal; font-weight: 400; color: #00788a; text-decoration: none; text-align: left;\"><\/p>\n<h2>Proposta 1 :<\/h2>\n<h2>&#8220;Neda com una sirena o un dof\u00ed&#8221;<\/h2>\n<p><\/div>[vc_column_text]Sirenas Mediterranean Academy,a petici\u00f3 dels pares d&#8217;aquest col\u00b7legi, crea aquesta activitat extraescolar on els nens i nenes aprenen sobre: els mam\u00edfers marins, l&#8217;origen de les sirenes i tritons a la mitologia, i tenir cura del medi ambient. I sobretot es diverteixen nedant com un dof\u00ed, com peix dins l&#8217;aigua. Amb aquest estil de nataci\u00f3 original i divertit. I amb les cues de sirena amb forma de peix, originals i patentades per la nostra acad\u00e8mia.[\/vc_column_text][\/vc_column][\/vc_row][vc_row row_type=&#8221;row&#8221; use_row_as_full_screen_section=&#8221;no&#8221; type=&#8221;grid&#8221; angled_section=&#8221;no&#8221; text_align=&#8221;left&#8221; background_image_as_pattern=&#8221;without_pattern&#8221; padding_top=&#8221;60&#8243; padding_bottom=&#8221;35&#8243; css_animation=&#8221;&#8221;][vc_column width=&#8221;1\/2&#8243;][vc_separator type=&#8221;transparent&#8221; up=&#8221;10&#8243;][vc_video link=&#8221;https:\/\/www.youtube.com\/watch?v=YzKLwYoUqBE&#8221;][vc_column_text]Acci\u00f3 educativa per a grup d&#8217;escolars a la Platja Llarga de Tarragona[\/vc_column_text][\/vc_column][vc_column width=&#8221;1\/2&#8243;]<div class=\"custom_font_holder\" style=\" font-size: 30px; line-height: 38px; font-style: normal; font-weight: 400; color: #00788a; text-decoration: none; text-align: left;\"><\/p>\n<h2>Proposta 2 :<\/h2>\n<h2>&#8220;Encontre amb una Sirena&#8221;<\/h2>\n<p><\/div>[vc_column_text]Mitjan\u00e7ant la figura d&#8217;aquest \u00e9sser m\u00e0gic, que segueix present a la nostra cultura des de fa milers d&#8217;anys, tenim preparats continguts que s&#8217;adapten al nivell acad\u00e8mic i objectius del professorat. Exemples de temaris:\u00a0Mitologia,\u00a0Mar Mediterrani, mam\u00edfers marins, Descobridors, Hidrodin\u00e0mica, Ecologia, Peixos del litoral&#8230; tamb\u00e9 en Llengua Anglesa.<\/p>\n<p>Us deixem un v\u00eddeo al qual, el monitor o professor introdueix el temari, que despr\u00e9s es veu refor\u00e7at pel missatge de la sirena que apareix\u00a0 del fons del mar.[\/vc_column_text][vc_separator type=&#8221;normal&#8221; up=&#8221;20&#8243; down=&#8221;20&#8243;][vc_row_inner row_type=&#8221;row&#8221; type=&#8221;full_width&#8221; text_align=&#8221;left&#8221; css_animation=&#8221;&#8221;][vc_column_inner width=&#8221;1\/3&#8243;][vc_single_image image=&#8221;19239&#8243; img_size=&#8221;full&#8221; onclick=&#8221;custom_link&#8221; img_link_target=&#8221;_blank&#8221; qode_css_animation=&#8221;&#8221; link=&#8221;https:\/\/www.tripadvisor.es\/Attraction_Review-g187503-d7767177-Reviews-Sirenas_Mediterranean_Academy-Tarragona_Costa_Dorada_Province_of_Tarragona_Catalo.html&#8221;][\/vc_column_inner][vc_column_inner width=&#8221;2\/3&#8243;][vc_column_text]<a href=\"https:\/\/www.tripadvisor.es\/Attraction_Review-g187503-d7767177-Reviews-Sirenas_Mediterranean_Academy-Tarragona_Costa_Dorada_Province_of_Tarragona_Catalo.html\" target=\"_blank\">opinions a TripAdvisor.<\/a>[\/vc_column_text][\/vc_column_inner][\/vc_row_inner][\/vc_column][\/vc_row]<\/p>\n","protected":false},"excerpt":{"rendered":"<p>[vc_row row_type=&#8221;row&#8221; use_row_as_full_screen_section=&#8221;no&#8221; type=&#8221;grid&#8221; angled_section=&#8221;no&#8221; text_align=&#8221;left&#8221; background_image_as_pattern=&#8221;without_pattern&#8221; css_animation=&#8221;&#8221;][vc_column][vc_separator type=&#8221;normal&#8221;][\/vc_column][\/vc_row][vc_row row_type=&#8221;row&#8221; use_row_as_full_screen_section=&#8221;no&#8221; type=&#8221;grid&#8221; angled_section=&#8221;no&#8221; text_align=&#8221;left&#8221; background_image_as_pattern=&#8221;without_pattern&#8221; padding_top=&#8221;60&#8243; padding_bottom=&#8221;35&#8243; css_animation=&#8221;&#8221;][vc_column width=&#8221;1\/2&#8243;][vc_separator type=&#8221;transparent&#8221; up=&#8221;10&#8243;][vc_video link=&#8221;https:\/\/www.youtube.com\/watch?v=wSF6lzI_2WQ&amp;feature=youtu.be&#8221;][vc_column_text]Activitat al Col.legi Parc de l&#8217;Aigua, Lleida[\/vc_column_text][\/vc_column][vc_column width=&#8221;1\/2&#8243;][vc_column_text]Sirenas Mediterranean Academy,a petici\u00f3 dels pares d&#8217;aquest col\u00b7legi, crea aquesta activitat extraescolar on els nens i nenes&#8230;<\/p>\n","protected":false},"author":1,"featured_media":0,"parent":0,"menu_order":0,"comment_status":"open","ping_status":"closed","template":"full_width.php","meta":{"footnotes":""},"yoast_head":"<!-- This site is optimized with the Yoast SEO plugin v22.8 - https:\/\/yoast.com\/wordpress\/plugins\/seo\/ -->\n<title>Col.legis - Sirenas Mediterranean Academy<\/title>\n<meta name=\"description\" content=\"Sirenas Mediterranean Academy realiza actividades para grupos escolares con el fin de ense\u00f1ar las bondades del mundo acu\u00e1tico y de las sirenas y tritones.\" \/>\n<meta name=\"robots\" content=\"index, follow, max-snippet:-1, max-image-preview:large, max-video-preview:-1\" \/>\n<link rel=\"canonical\" href=\"https:\/\/www.sirenasmediterraneanacademy.com\/ca\/col-legis\/\" \/>\n<meta property=\"og:locale\" content=\"ca_ES\" \/>\n<meta property=\"og:type\" content=\"article\" \/>\n<meta property=\"og:title\" content=\"Col.legis - Sirenas Mediterranean Academy\" \/>\n<meta property=\"og:description\" content=\"Sirenas Mediterranean Academy realiza actividades para grupos escolares con el fin de ense\u00f1ar las bondades del mundo acu\u00e1tico y de las sirenas y tritones.\" \/>\n<meta property=\"og:url\" content=\"https:\/\/www.sirenasmediterraneanacademy.com\/ca\/col-legis\/\" \/>\n<meta property=\"og:site_name\" content=\"Sirenas Mediterranean Academy\" \/>\n<meta property=\"article:publisher\" content=\"https:\/\/www.facebook.com\/sirenas.mediterranean.academy\" \/>\n<meta property=\"article:modified_time\" content=\"2018-03-23T18:47:05+00:00\" \/>\n<meta name=\"twitter:card\" content=\"summary_large_image\" \/>\n<meta name=\"twitter:site\" content=\"@sirenas_academy\" \/>\n<meta name=\"twitter:label1\" content=\"Temps estimat de lectura\" \/>\n\t<meta name=\"twitter:data1\" content=\"3 minuts\" \/>\n<script type=\"application\/ld+json\" class=\"yoast-schema-graph\">{\"@context\":\"https:\/\/schema.org\",\"@graph\":[{\"@type\":\"WebPage\",\"@id\":\"https:\/\/www.sirenasmediterraneanacademy.com\/ca\/col-legis\/\",\"url\":\"https:\/\/www.sirenasmediterraneanacademy.com\/ca\/col-legis\/\",\"name\":\"Col.legis - Sirenas Mediterranean Academy\",\"isPartOf\":{\"@id\":\"https:\/\/www.sirenasmediterraneanacademy.com\/#website\"},\"datePublished\":\"2015-08-02T16:23:37+00:00\",\"dateModified\":\"2018-03-23T18:47:05+00:00\",\"description\":\"Sirenas Mediterranean Academy realiza actividades para grupos escolares con el fin de ense\u00f1ar las bondades del mundo acu\u00e1tico y de las sirenas y tritones.\",\"breadcrumb\":{\"@id\":\"https:\/\/www.sirenasmediterraneanacademy.com\/ca\/col-legis\/#breadcrumb\"},\"inLanguage\":\"ca\",\"potentialAction\":[{\"@type\":\"ReadAction\",\"target\":[\"https:\/\/www.sirenasmediterraneanacademy.com\/ca\/col-legis\/\"]}]},{\"@type\":\"BreadcrumbList\",\"@id\":\"https:\/\/www.sirenasmediterraneanacademy.com\/ca\/col-legis\/#breadcrumb\",\"itemListElement\":[{\"@type\":\"ListItem\",\"position\":1,\"name\":\"Portada\",\"item\":\"https:\/\/www.sirenasmediterraneanacademy.com\/ca\/\"},{\"@type\":\"ListItem\",\"position\":2,\"name\":\"Col.legis\"}]},{\"@type\":\"WebSite\",\"@id\":\"https:\/\/www.sirenasmediterraneanacademy.com\/#website\",\"url\":\"https:\/\/www.sirenasmediterraneanacademy.com\/\",\"name\":\"Sirenas Mediterranean Academy\",\"description\":\"Academia de Sirenas y Tritones\",\"publisher\":{\"@id\":\"https:\/\/www.sirenasmediterraneanacademy.com\/#organization\"},\"potentialAction\":[{\"@type\":\"SearchAction\",\"target\":{\"@type\":\"EntryPoint\",\"urlTemplate\":\"https:\/\/www.sirenasmediterraneanacademy.com\/?s={search_term_string}\"},\"query-input\":\"required name=search_term_string\"}],\"inLanguage\":\"ca\"},{\"@type\":\"Organization\",\"@id\":\"https:\/\/www.sirenasmediterraneanacademy.com\/#organization\",\"name\":\"Sirenas Mediterranean Academy\",\"url\":\"https:\/\/www.sirenasmediterraneanacademy.com\/\",\"logo\":{\"@type\":\"ImageObject\",\"inLanguage\":\"ca\",\"@id\":\"https:\/\/www.sirenasmediterraneanacademy.com\/#\/schema\/logo\/image\/\",\"url\":\"https:\/\/www.sirenasmediterraneanacademy.com\/wp-content\/uploads\/2021\/01\/sirena-letras-rojo.png\",\"contentUrl\":\"https:\/\/www.sirenasmediterraneanacademy.com\/wp-content\/uploads\/2021\/01\/sirena-letras-rojo.png\",\"width\":502,\"height\":401,\"caption\":\"Sirenas Mediterranean Academy\"},\"image\":{\"@id\":\"https:\/\/www.sirenasmediterraneanacademy.com\/#\/schema\/logo\/image\/\"},\"sameAs\":[\"https:\/\/www.facebook.com\/sirenas.mediterranean.academy\",\"https:\/\/x.com\/sirenas_academy\",\"https:\/\/www.youtube.com\/channel\/UCtgKqNb3aSddn3ckShjc5Gg\"]}]}<\/script>\n<!-- \/ Yoast SEO plugin. -->","yoast_head_json":{"title":"Col.legis - Sirenas Mediterranean Academy","description":"Sirenas Mediterranean Academy realiza actividades para grupos escolares con el fin de ense\u00f1ar las bondades del mundo acu\u00e1tico y de las sirenas y tritones.","robots":{"index":"index","follow":"follow","max-snippet":"max-snippet:-1","max-image-preview":"max-image-preview:large","max-video-preview":"max-video-preview:-1"},"canonical":"https:\/\/www.sirenasmediterraneanacademy.com\/ca\/col-legis\/","og_locale":"ca_ES","og_type":"article","og_title":"Col.legis - Sirenas Mediterranean Academy","og_description":"Sirenas Mediterranean Academy realiza actividades para grupos escolares con el fin de ense\u00f1ar las bondades del mundo acu\u00e1tico y de las sirenas y tritones.","og_url":"https:\/\/www.sirenasmediterraneanacademy.com\/ca\/col-legis\/","og_site_name":"Sirenas Mediterranean Academy","article_publisher":"https:\/\/www.facebook.com\/sirenas.mediterranean.academy","article_modified_time":"2018-03-23T18:47:05+00:00","twitter_card":"summary_large_image","twitter_site":"@sirenas_academy","twitter_misc":{"Temps estimat de lectura":"3 minuts"},"schema":{"@context":"https:\/\/schema.org","@graph":[{"@type":"WebPage","@id":"https:\/\/www.sirenasmediterraneanacademy.com\/ca\/col-legis\/","url":"https:\/\/www.sirenasmediterraneanacademy.com\/ca\/col-legis\/","name":"Col.legis - Sirenas Mediterranean Academy","isPartOf":{"@id":"https:\/\/www.sirenasmediterraneanacademy.com\/#website"},"datePublished":"2015-08-02T16:23:37+00:00","dateModified":"2018-03-23T18:47:05+00:00","description":"Sirenas Mediterranean Academy realiza actividades para grupos escolares con el fin de ense\u00f1ar las bondades del mundo acu\u00e1tico y de las sirenas y tritones.","breadcrumb":{"@id":"https:\/\/www.sirenasmediterraneanacademy.com\/ca\/col-legis\/#breadcrumb"},"inLanguage":"ca","potentialAction":[{"@type":"ReadAction","target":["https:\/\/www.sirenasmediterraneanacademy.com\/ca\/col-legis\/"]}]},{"@type":"BreadcrumbList","@id":"https:\/\/www.sirenasmediterraneanacademy.com\/ca\/col-legis\/#breadcrumb","itemListElement":[{"@type":"ListItem","position":1,"name":"Portada","item":"https:\/\/www.sirenasmediterraneanacademy.com\/ca\/"},{"@type":"ListItem","position":2,"name":"Col.legis"}]},{"@type":"WebSite","@id":"https:\/\/www.sirenasmediterraneanacademy.com\/#website","url":"https:\/\/www.sirenasmediterraneanacademy.com\/","name":"Sirenas Mediterranean Academy","description":"Academia de Sirenas y Tritones","publisher":{"@id":"https:\/\/www.sirenasmediterraneanacademy.com\/#organization"},"potentialAction":[{"@type":"SearchAction","target":{"@type":"EntryPoint","urlTemplate":"https:\/\/www.sirenasmediterraneanacademy.com\/?s={search_term_string}"},"query-input":"required name=search_term_string"}],"inLanguage":"ca"},{"@type":"Organization","@id":"https:\/\/www.sirenasmediterraneanacademy.com\/#organization","name":"Sirenas Mediterranean Academy","url":"https:\/\/www.sirenasmediterraneanacademy.com\/","logo":{"@type":"ImageObject","inLanguage":"ca","@id":"https:\/\/www.sirenasmediterraneanacademy.com\/#\/schema\/logo\/image\/","url":"https:\/\/www.sirenasmediterraneanacademy.com\/wp-content\/uploads\/2021\/01\/sirena-letras-rojo.png","contentUrl":"https:\/\/www.sirenasmediterraneanacademy.com\/wp-content\/uploads\/2021\/01\/sirena-letras-rojo.png","width":502,"height":401,"caption":"Sirenas Mediterranean Academy"},"image":{"@id":"https:\/\/www.sirenasmediterraneanacademy.com\/#\/schema\/logo\/image\/"},"sameAs":["https:\/\/www.facebook.com\/sirenas.mediterranean.academy","https:\/\/x.com\/sirenas_academy","https:\/\/www.youtube.com\/channel\/UCtgKqNb3aSddn3ckShjc5Gg"]}]}},"_links":{"self":[{"href":"https:\/\/www.sirenasmediterraneanacademy.com\/ca\/wp-json\/wp\/v2\/pages\/19566"}],"collection":[{"href":"https:\/\/www.sirenasmediterraneanacademy.com\/ca\/wp-json\/wp\/v2\/pages"}],"about":[{"href":"https:\/\/www.sirenasmediterraneanacademy.com\/ca\/wp-json\/wp\/v2\/types\/page"}],"author":[{"embeddable":true,"href":"https:\/\/www.sirenasmediterraneanacademy.com\/ca\/wp-json\/wp\/v2\/users\/1"}],"replies":[{"embeddable":true,"href":"https:\/\/www.sirenasmediterraneanacademy.com\/ca\/wp-json\/wp\/v2\/comments?post=19566"}],"version-history":[{"count":5,"href":"https:\/\/www.sirenasmediterraneanacademy.com\/ca\/wp-json\/wp\/v2\/pages\/19566\/revisions"}],"predecessor-version":[{"id":19571,"href":"https:\/\/www.sirenasmediterraneanacademy.com\/ca\/wp-json\/wp\/v2\/pages\/19566\/revisions\/19571"}],"wp:attachment":[{"href":"https:\/\/www.sirenasmediterraneanacademy.com\/ca\/wp-json\/wp\/v2\/media?parent=19566"}],"curies":[{"name":"wp","href":"https:\/\/api.w.org\/{rel}","templated":true}]}}