{"id":16592,"date":"2015-07-01T16:13:31","date_gmt":"2015-07-01T16:13:31","guid":{"rendered":"http:\/\/www.sirenasmediterraneanacademy.com\/en\/bautizo-sirena\/"},"modified":"2019-04-02T12:04:47","modified_gmt":"2019-04-02T12:04:47","slug":"mermaid-baptism","status":"publish","type":"page","link":"https:\/\/www.sirenasmediterraneanacademy.com\/en\/mermaid-baptism\/","title":{"rendered":"Baptism"},"content":{"rendered":"<p>[vc_row row_type=&#8221;row&#8221; use_row_as_full_screen_section=&#8221;no&#8221; type=&#8221;grid&#8221; angled_section=&#8221;no&#8221; text_align=&#8221;left&#8221; background_image_as_pattern=&#8221;without_pattern&#8221; css_animation=&#8221;&#8221;][vc_column]<div class=\"custom_font_holder\" style=\" font-size: 30px; line-height: 38px; font-style: normal; font-weight: 400; color: #00788a; text-decoration: none; text-align: center;\"><\/p>\n<p>Live the Experience<\/p>\n<p><\/div>[\/vc_column][\/vc_row][vc_row row_type=&#8221;row&#8221; use_row_as_full_screen_section=&#8221;no&#8221; type=&#8221;grid&#8221; angled_section=&#8221;no&#8221; text_align=&#8221;left&#8221; background_image_as_pattern=&#8221;without_pattern&#8221; padding_top=&#8221;60&#8243; padding_bottom=&#8221;35&#8243; css_animation=&#8221;&#8221;][vc_column width=&#8221;1\/2&#8243;][vc_video link=&#8221;https:\/\/youtu.be\/Ms-7iZe1quo&#8221;][vc_separator type=&#8221;transparent&#8221; up=&#8221;35&#8243;][vc_column_text]<\/p>\n<h3>Become a Mermaid or a Triton<\/h3>\n<p>Learn the origin of Mermaids and Tritons, their ecological mission and enjoy swimming like as a magical being. Fun with friends or family in an original mermaid party.<\/p>\n<p><a href=\"https:\/\/www.tripadvisor.com\/Attraction_Review-g187503-d7767177-Reviews-Sirenas_Mediterranean_Academy-Tarragona_Costa_Dorada_Province_of_Tarragona_Catalo.html\" target=\"_blank\">See Reviews on Trip Advisor.<\/a>[\/vc_column_text][\/vc_column][vc_column width=&#8221;1\/2&#8243;]<div class=\"custom_font_holder\" style=\"font-family: Montserrat; font-size: 20px; line-height: 22px; font-style: normal; font-weight: 400; text-decoration: none; text-align: left;\">Mermaid Baptism<\/div>[vc_separator type=&#8221;transparent&#8221; up=&#8221;25&#8243; down=&#8221;0&#8243;][vc_column_text]<\/p>\n<ul>\n<li>Welcome to the Experience.<\/li>\n<li>Introduction to the history and mythology of Mermaids and Tritons.<\/li>\n<li>Suitable warming for water activities.<\/li>\n<li>We provide the material, an explanation of its use and conservation.<\/li>\n<li>Adaptation to water equipment.<\/li>\n<li>First movements: Floating, Sprint and Rest.<\/li>\n<li>Styles: Mermaid, Dolphin, Seal.<\/li>\n<li>Figures: Immersion, Vertical, and Spins.<\/li>\n<li>Games of mermaids and tritons.<\/li>\n<li>Baptism photo.<\/li>\n<li>Handing over of certificates.<\/li>\n<li>Cava or natural juice.<\/li>\n<\/ul>\n<p>[\/vc_column_text][vc_separator type=&#8221;normal&#8221; up=&#8221;20&#8243; down=&#8221;20&#8243;]<div class=\"custom_font_holder\" style=\"font-family: Montserrat; font-size: 18px; line-height: 22px; font-style: normal; font-weight: 400; color: #00788a; text-decoration: none; text-align: left;\">Price: 49 \u20ac<br \/>\nDuration 2 hours Approx.<\/div>[\/vc_column][\/vc_row][vc_row row_type=&#8221;row&#8221; use_row_as_full_screen_section=&#8221;no&#8221; type=&#8221;grid&#8221; angled_section=&#8221;no&#8221; text_align=&#8221;center&#8221; background_image_as_pattern=&#8221;without_pattern&#8221; padding_top=&#8221;20&#8243; padding_bottom=&#8221;40&#8243; css_animation=&#8221;&#8221;][vc_column]<a  href=\"https:\/\/www.sirenasmediterraneanacademy.com\/en\/contact\/\" target=\"_self\"  class=\"qbutton  medium\" style=\"\">Request information<\/a>[\/vc_column][\/vc_row][vc_row row_type=&#8221;row&#8221; use_row_as_full_screen_section=&#8221;no&#8221; type=&#8221;full_width&#8221; angled_section=&#8221;no&#8221; text_align=&#8221;center&#8221; background_image_as_pattern=&#8221;without_pattern&#8221; padding_bottom=&#8221;100&#8243; css_animation=&#8221;&#8221; el_class=&#8221;share-row&#8221;][vc_column][vc_facebook type=&#8221;button_count&#8221;][vc_tweetmeme share_via=&#8221;sirenas_academy&#8221;][vc_googleplus type=&#8221;medium&#8221; annotation=&#8221;none&#8221;][\/vc_column][\/vc_row]<\/p>\n","protected":false},"excerpt":{"rendered":"<p>[vc_row row_type=&#8221;row&#8221; use_row_as_full_screen_section=&#8221;no&#8221; type=&#8221;grid&#8221; angled_section=&#8221;no&#8221; text_align=&#8221;left&#8221; background_image_as_pattern=&#8221;without_pattern&#8221; css_animation=&#8221;&#8221;][vc_column][\/vc_column][\/vc_row][vc_row row_type=&#8221;row&#8221; use_row_as_full_screen_section=&#8221;no&#8221; type=&#8221;grid&#8221; angled_section=&#8221;no&#8221; text_align=&#8221;left&#8221; background_image_as_pattern=&#8221;without_pattern&#8221; padding_top=&#8221;60&#8243; padding_bottom=&#8221;35&#8243; css_animation=&#8221;&#8221;][vc_column width=&#8221;1\/2&#8243;][vc_video link=&#8221;https:\/\/youtu.be\/Ms-7iZe1quo&#8221;][vc_separator type=&#8221;transparent&#8221; up=&#8221;35&#8243;][vc_column_text] Become a Mermaid or a Triton Learn the origin of Mermaids and Tritons, their ecological mission and enjoy swimming like as a magical being&#8230;.<\/p>\n","protected":false},"author":1,"featured_media":0,"parent":0,"menu_order":0,"comment_status":"open","ping_status":"closed","template":"full_width.php","meta":{"footnotes":""},"yoast_head":"<!-- This site is optimized with the Yoast SEO plugin v22.8 - https:\/\/yoast.com\/wordpress\/plugins\/seo\/ -->\n<title>Baptism - Sirenas Mediterranean Academy<\/title>\n<meta name=\"description\" content=\"El Bautizo de Sirena har\u00e1 realidad tu sue\u00f1o de convertirte en sirena o trit\u00f3n. Nuestros instructores cualificados te ense\u00f1ar\u00e1n. Ap\u00fantate!\" \/>\n<meta name=\"robots\" content=\"index, follow, max-snippet:-1, max-image-preview:large, max-video-preview:-1\" \/>\n<link rel=\"canonical\" href=\"https:\/\/www.sirenasmediterraneanacademy.com\/en\/mermaid-baptism\/\" \/>\n<meta property=\"og:locale\" content=\"en_US\" \/>\n<meta property=\"og:type\" content=\"article\" \/>\n<meta property=\"og:title\" content=\"Baptism - Sirenas Mediterranean Academy\" \/>\n<meta property=\"og:description\" content=\"El Bautizo de Sirena har\u00e1 realidad tu sue\u00f1o de convertirte en sirena o trit\u00f3n. Nuestros instructores cualificados te ense\u00f1ar\u00e1n. Ap\u00fantate!\" \/>\n<meta property=\"og:url\" content=\"https:\/\/www.sirenasmediterraneanacademy.com\/en\/mermaid-baptism\/\" \/>\n<meta property=\"og:site_name\" content=\"Sirenas Mediterranean Academy\" \/>\n<meta property=\"article:publisher\" content=\"https:\/\/www.facebook.com\/sirenas.mediterranean.academy\" \/>\n<meta property=\"article:modified_time\" content=\"2019-04-02T12:04:47+00:00\" \/>\n<meta name=\"twitter:card\" content=\"summary_large_image\" \/>\n<meta name=\"twitter:site\" content=\"@sirenas_academy\" \/>\n<meta name=\"twitter:label1\" content=\"Est. reading time\" \/>\n\t<meta name=\"twitter:data1\" content=\"2 minutes\" \/>\n<script type=\"application\/ld+json\" class=\"yoast-schema-graph\">{\"@context\":\"https:\/\/schema.org\",\"@graph\":[{\"@type\":\"WebPage\",\"@id\":\"https:\/\/www.sirenasmediterraneanacademy.com\/en\/mermaid-baptism\/\",\"url\":\"https:\/\/www.sirenasmediterraneanacademy.com\/en\/mermaid-baptism\/\",\"name\":\"Baptism - Sirenas Mediterranean Academy\",\"isPartOf\":{\"@id\":\"https:\/\/www.sirenasmediterraneanacademy.com\/#website\"},\"datePublished\":\"2015-07-01T16:13:31+00:00\",\"dateModified\":\"2019-04-02T12:04:47+00:00\",\"description\":\"El Bautizo de Sirena har\u00e1 realidad tu sue\u00f1o de convertirte en sirena o trit\u00f3n. Nuestros instructores cualificados te ense\u00f1ar\u00e1n. Ap\u00fantate!\",\"breadcrumb\":{\"@id\":\"https:\/\/www.sirenasmediterraneanacademy.com\/en\/mermaid-baptism\/#breadcrumb\"},\"inLanguage\":\"en-US\",\"potentialAction\":[{\"@type\":\"ReadAction\",\"target\":[\"https:\/\/www.sirenasmediterraneanacademy.com\/en\/mermaid-baptism\/\"]}]},{\"@type\":\"BreadcrumbList\",\"@id\":\"https:\/\/www.sirenasmediterraneanacademy.com\/en\/mermaid-baptism\/#breadcrumb\",\"itemListElement\":[{\"@type\":\"ListItem\",\"position\":1,\"name\":\"Portada\",\"item\":\"https:\/\/www.sirenasmediterraneanacademy.com\/en\/\"},{\"@type\":\"ListItem\",\"position\":2,\"name\":\"Baptism\"}]},{\"@type\":\"WebSite\",\"@id\":\"https:\/\/www.sirenasmediterraneanacademy.com\/#website\",\"url\":\"https:\/\/www.sirenasmediterraneanacademy.com\/\",\"name\":\"Sirenas Mediterranean Academy\",\"description\":\"Academia de Sirenas y Tritones\",\"publisher\":{\"@id\":\"https:\/\/www.sirenasmediterraneanacademy.com\/#organization\"},\"potentialAction\":[{\"@type\":\"SearchAction\",\"target\":{\"@type\":\"EntryPoint\",\"urlTemplate\":\"https:\/\/www.sirenasmediterraneanacademy.com\/?s={search_term_string}\"},\"query-input\":\"required name=search_term_string\"}],\"inLanguage\":\"en-US\"},{\"@type\":\"Organization\",\"@id\":\"https:\/\/www.sirenasmediterraneanacademy.com\/#organization\",\"name\":\"Sirenas Mediterranean Academy\",\"url\":\"https:\/\/www.sirenasmediterraneanacademy.com\/\",\"logo\":{\"@type\":\"ImageObject\",\"inLanguage\":\"en-US\",\"@id\":\"https:\/\/www.sirenasmediterraneanacademy.com\/#\/schema\/logo\/image\/\",\"url\":\"https:\/\/www.sirenasmediterraneanacademy.com\/wp-content\/uploads\/2021\/01\/sirena-letras-rojo.png\",\"contentUrl\":\"https:\/\/www.sirenasmediterraneanacademy.com\/wp-content\/uploads\/2021\/01\/sirena-letras-rojo.png\",\"width\":502,\"height\":401,\"caption\":\"Sirenas Mediterranean Academy\"},\"image\":{\"@id\":\"https:\/\/www.sirenasmediterraneanacademy.com\/#\/schema\/logo\/image\/\"},\"sameAs\":[\"https:\/\/www.facebook.com\/sirenas.mediterranean.academy\",\"https:\/\/x.com\/sirenas_academy\",\"https:\/\/www.youtube.com\/channel\/UCtgKqNb3aSddn3ckShjc5Gg\"]}]}<\/script>\n<!-- \/ Yoast SEO plugin. -->","yoast_head_json":{"title":"Baptism - Sirenas Mediterranean Academy","description":"El Bautizo de Sirena har\u00e1 realidad tu sue\u00f1o de convertirte en sirena o trit\u00f3n. Nuestros instructores cualificados te ense\u00f1ar\u00e1n. Ap\u00fantate!","robots":{"index":"index","follow":"follow","max-snippet":"max-snippet:-1","max-image-preview":"max-image-preview:large","max-video-preview":"max-video-preview:-1"},"canonical":"https:\/\/www.sirenasmediterraneanacademy.com\/en\/mermaid-baptism\/","og_locale":"en_US","og_type":"article","og_title":"Baptism - Sirenas Mediterranean Academy","og_description":"El Bautizo de Sirena har\u00e1 realidad tu sue\u00f1o de convertirte en sirena o trit\u00f3n. Nuestros instructores cualificados te ense\u00f1ar\u00e1n. Ap\u00fantate!","og_url":"https:\/\/www.sirenasmediterraneanacademy.com\/en\/mermaid-baptism\/","og_site_name":"Sirenas Mediterranean Academy","article_publisher":"https:\/\/www.facebook.com\/sirenas.mediterranean.academy","article_modified_time":"2019-04-02T12:04:47+00:00","twitter_card":"summary_large_image","twitter_site":"@sirenas_academy","twitter_misc":{"Est. reading time":"2 minutes"},"schema":{"@context":"https:\/\/schema.org","@graph":[{"@type":"WebPage","@id":"https:\/\/www.sirenasmediterraneanacademy.com\/en\/mermaid-baptism\/","url":"https:\/\/www.sirenasmediterraneanacademy.com\/en\/mermaid-baptism\/","name":"Baptism - Sirenas Mediterranean Academy","isPartOf":{"@id":"https:\/\/www.sirenasmediterraneanacademy.com\/#website"},"datePublished":"2015-07-01T16:13:31+00:00","dateModified":"2019-04-02T12:04:47+00:00","description":"El Bautizo de Sirena har\u00e1 realidad tu sue\u00f1o de convertirte en sirena o trit\u00f3n. Nuestros instructores cualificados te ense\u00f1ar\u00e1n. Ap\u00fantate!","breadcrumb":{"@id":"https:\/\/www.sirenasmediterraneanacademy.com\/en\/mermaid-baptism\/#breadcrumb"},"inLanguage":"en-US","potentialAction":[{"@type":"ReadAction","target":["https:\/\/www.sirenasmediterraneanacademy.com\/en\/mermaid-baptism\/"]}]},{"@type":"BreadcrumbList","@id":"https:\/\/www.sirenasmediterraneanacademy.com\/en\/mermaid-baptism\/#breadcrumb","itemListElement":[{"@type":"ListItem","position":1,"name":"Portada","item":"https:\/\/www.sirenasmediterraneanacademy.com\/en\/"},{"@type":"ListItem","position":2,"name":"Baptism"}]},{"@type":"WebSite","@id":"https:\/\/www.sirenasmediterraneanacademy.com\/#website","url":"https:\/\/www.sirenasmediterraneanacademy.com\/","name":"Sirenas Mediterranean Academy","description":"Academia de Sirenas y Tritones","publisher":{"@id":"https:\/\/www.sirenasmediterraneanacademy.com\/#organization"},"potentialAction":[{"@type":"SearchAction","target":{"@type":"EntryPoint","urlTemplate":"https:\/\/www.sirenasmediterraneanacademy.com\/?s={search_term_string}"},"query-input":"required name=search_term_string"}],"inLanguage":"en-US"},{"@type":"Organization","@id":"https:\/\/www.sirenasmediterraneanacademy.com\/#organization","name":"Sirenas Mediterranean Academy","url":"https:\/\/www.sirenasmediterraneanacademy.com\/","logo":{"@type":"ImageObject","inLanguage":"en-US","@id":"https:\/\/www.sirenasmediterraneanacademy.com\/#\/schema\/logo\/image\/","url":"https:\/\/www.sirenasmediterraneanacademy.com\/wp-content\/uploads\/2021\/01\/sirena-letras-rojo.png","contentUrl":"https:\/\/www.sirenasmediterraneanacademy.com\/wp-content\/uploads\/2021\/01\/sirena-letras-rojo.png","width":502,"height":401,"caption":"Sirenas Mediterranean Academy"},"image":{"@id":"https:\/\/www.sirenasmediterraneanacademy.com\/#\/schema\/logo\/image\/"},"sameAs":["https:\/\/www.facebook.com\/sirenas.mediterranean.academy","https:\/\/x.com\/sirenas_academy","https:\/\/www.youtube.com\/channel\/UCtgKqNb3aSddn3ckShjc5Gg"]}]}},"_links":{"self":[{"href":"https:\/\/www.sirenasmediterraneanacademy.com\/en\/wp-json\/wp\/v2\/pages\/16592"}],"collection":[{"href":"https:\/\/www.sirenasmediterraneanacademy.com\/en\/wp-json\/wp\/v2\/pages"}],"about":[{"href":"https:\/\/www.sirenasmediterraneanacademy.com\/en\/wp-json\/wp\/v2\/types\/page"}],"author":[{"embeddable":true,"href":"https:\/\/www.sirenasmediterraneanacademy.com\/en\/wp-json\/wp\/v2\/users\/1"}],"replies":[{"embeddable":true,"href":"https:\/\/www.sirenasmediterraneanacademy.com\/en\/wp-json\/wp\/v2\/comments?post=16592"}],"version-history":[{"count":10,"href":"https:\/\/www.sirenasmediterraneanacademy.com\/en\/wp-json\/wp\/v2\/pages\/16592\/revisions"}],"predecessor-version":[{"id":20001,"href":"https:\/\/www.sirenasmediterraneanacademy.com\/en\/wp-json\/wp\/v2\/pages\/16592\/revisions\/20001"}],"wp:attachment":[{"href":"https:\/\/www.sirenasmediterraneanacademy.com\/en\/wp-json\/wp\/v2\/media?parent=16592"}],"curies":[{"name":"wp","href":"https:\/\/api.w.org\/{rel}","templated":true}]}}