{"id":16601,"date":"2015-07-01T11:58:18","date_gmt":"2015-07-01T11:58:18","guid":{"rendered":"http:\/\/www.sirenasmediterraneanacademy.com\/en\/faq\/"},"modified":"2024-02-01T20:20:06","modified_gmt":"2024-02-01T20:20:06","slug":"faq","status":"publish","type":"page","link":"https:\/\/www.sirenasmediterraneanacademy.com\/en\/faq\/","title":{"rendered":"FAQ"},"content":{"rendered":"<p>[vc_row css_animation=&#8221;&#8221; row_type=&#8221;row&#8221; use_row_as_full_screen_section=&#8221;no&#8221; type=&#8221;grid&#8221; angled_section=&#8221;no&#8221; text_align=&#8221;left&#8221; background_image_as_pattern=&#8221;without_pattern&#8221;][vc_column][layerslider_vc id=&#8221;2&#8243;][\/vc_column][\/vc_row][vc_row css_animation=&#8221;&#8221; row_type=&#8221;row&#8221; use_row_as_full_screen_section=&#8221;no&#8221; type=&#8221;grid&#8221; angled_section=&#8221;no&#8221; text_align=&#8221;left&#8221; background_image_as_pattern=&#8221;without_pattern&#8221; padding_top=&#8221;60&#8243; padding_bottom=&#8221;0&#8243;][vc_column width=&#8221;1\/2&#8243;]<div class=\"custom_font_holder\" style=\"font-family: Montserrat; font-size: 20px; line-height: 22px; font-style: normal; font-weight: 400; color: #00788a; text-decoration: none; text-align: left;\">\u00bfD\u00f3nde os encontr\u00e1is?<\/div>[vc_column_text]<\/p>\n<p style=\"text-align: left;\">La academia est\u00e1 situada en la ciudad de Tarragona, y la actividad se realiza en diferentes espacios acu\u00e1ticos de la ciudad y provincia. Para m\u00e1s informaci\u00f3n llama al 634403422 o env\u00eda un correo a <a href=\"mailto:info@sirenasmediterraneanacademy.com\">info@sirenasmediterraneanacademy.com<\/a><\/p>\n<p>[\/vc_column_text][\/vc_column][vc_column width=&#8221;1\/2&#8243;]<div class=\"custom_font_holder\" style=\"font-family: Montserrat; font-size: 20px; line-height: 22px; font-style: normal; font-weight: 400; color: #00788a; text-decoration: none; text-align: left;\">\u00bfEs necesario hacer una reserva?<\/div>[vc_column_text]<\/p>\n<p style=\"text-align: left;\">Es necesario hacer una reserva porque hay grupos m\u00ednimos y m\u00e1ximos. Contacta al 634403422<\/p>\n<p>[\/vc_column_text][\/vc_column][\/vc_row][vc_row css_animation=&#8221;&#8221; row_type=&#8221;row&#8221; use_row_as_full_screen_section=&#8221;no&#8221; type=&#8221;grid&#8221; angled_section=&#8221;no&#8221; text_align=&#8221;left&#8221; background_image_as_pattern=&#8221;without_pattern&#8221; padding_top=&#8221;35&#8243;][vc_column width=&#8221;1\/2&#8243;]<div class=\"custom_font_holder\" style=\"font-family: Montserrat; font-size: 20px; line-height: 22px; font-style: normal; font-weight: 400; color: #00788a; text-decoration: none; letter-spacing: 0px; text-align: left;\">\u00bfQu\u00e9 precio tiene la actividad?<\/div>[vc_column_text]<\/p>\n<p style=\"text-align: left;\">La academia realiza diferentes activitades acu\u00e1ticas, los precios son desde 49\u20ac Contacta al 634403422 o envia un correo a <a href=\"mailto:info@sirenasmediterraneanacademy.com\">info@sirenasmediterraneanacademy.com<\/a><\/p>\n<p>[\/vc_column_text][\/vc_column][vc_column width=&#8221;1\/2&#8243;]<div class=\"custom_font_holder\" style=\"font-family: Montserrat; font-size: 20px; line-height: 22px; font-style: normal; font-weight: 400; color: #00788a; text-decoration: none; letter-spacing: 0px; text-align: left;\">\u00bfA partir de qu\u00e9 edad se puede realizar la actividad?<\/div>[vc_separator type=&#8221;small&#8221; position=&#8221;center&#8221; up=&#8221;16&#8243; down=&#8221;13&#8243;][vc_column_text]<\/p>\n<p style=\"text-align: left;\">La actividad se puede realizar a partir de los 8 a\u00f1os.<\/p>\n<p>[\/vc_column_text][\/vc_column][\/vc_row][vc_row css_animation=&#8221;&#8221; row_type=&#8221;row&#8221; use_row_as_full_screen_section=&#8221;no&#8221; type=&#8221;grid&#8221; angled_section=&#8221;no&#8221; text_align=&#8221;left&#8221; background_image_as_pattern=&#8221;without_pattern&#8221; padding_top=&#8221;50&#8243; padding_bottom=&#8221;50&#8243;][vc_column][vc_separator type=&#8221;normal&#8221; color=&#8221;#c5b589&#8243; down=&#8221;35&#8243;]<div class=\"custom_font_holder\" style=\"font-family: Raleway; font-size: 38px; line-height: 38px; font-style: normal; font-weight: 300; color: #00788a; text-decoration: none; text-align: center;\">Si tienes cualquier otra duda contacta con nosotros <a href=\"http:\/\/sirenasmediterraneanacademy.com\/contactar\/\">aqu\u00ed<\/a><\/div>[vc_separator type=&#8221;normal&#8221; color=&#8221;#c5b589&#8243; up=&#8221;35&#8243; down=&#8221;70&#8243;][\/vc_column][\/vc_row]<\/p>\n","protected":false},"excerpt":{"rendered":"<p>[vc_row css_animation=&#8221;&#8221; row_type=&#8221;row&#8221; use_row_as_full_screen_section=&#8221;no&#8221; type=&#8221;grid&#8221; angled_section=&#8221;no&#8221; text_align=&#8221;left&#8221; background_image_as_pattern=&#8221;without_pattern&#8221;][vc_column][layerslider_vc id=&#8221;2&#8243;][\/vc_column][\/vc_row][vc_row css_animation=&#8221;&#8221; row_type=&#8221;row&#8221; use_row_as_full_screen_section=&#8221;no&#8221; type=&#8221;grid&#8221; angled_section=&#8221;no&#8221; text_align=&#8221;left&#8221; background_image_as_pattern=&#8221;without_pattern&#8221; padding_top=&#8221;60&#8243; padding_bottom=&#8221;0&#8243;][vc_column width=&#8221;1\/2&#8243;][vc_column_text] La academia est\u00e1 situada en la ciudad de Tarragona, y la actividad se realiza en diferentes espacios acu\u00e1ticos de la ciudad y provincia. Para m\u00e1s informaci\u00f3n&#8230;<\/p>\n","protected":false},"author":1,"featured_media":0,"parent":0,"menu_order":0,"comment_status":"open","ping_status":"open","template":"full_width.php","meta":{"footnotes":""},"yoast_head":"<!-- This site is optimized with the Yoast SEO plugin v22.8 - https:\/\/yoast.com\/wordpress\/plugins\/seo\/ -->\n<title>FAQ - Sirenas Mediterranean Academy<\/title>\n<meta name=\"description\" content=\"\u00bfTienes consultas sobre nuestra academia? En este apartado te ofrecemos todas las respuestas a tus preguntas sobre nuestra academia de sirenas y tritones.\" \/>\n<meta name=\"robots\" content=\"index, follow, max-snippet:-1, max-image-preview:large, max-video-preview:-1\" \/>\n<link rel=\"canonical\" href=\"https:\/\/www.sirenasmediterraneanacademy.com\/en\/faq\/\" \/>\n<meta property=\"og:locale\" content=\"en_US\" \/>\n<meta property=\"og:type\" content=\"article\" \/>\n<meta property=\"og:title\" content=\"FAQ - Sirenas Mediterranean Academy\" \/>\n<meta property=\"og:description\" content=\"\u00bfTienes consultas sobre nuestra academia? En este apartado te ofrecemos todas las respuestas a tus preguntas sobre nuestra academia de sirenas y tritones.\" \/>\n<meta property=\"og:url\" content=\"https:\/\/www.sirenasmediterraneanacademy.com\/en\/faq\/\" \/>\n<meta property=\"og:site_name\" content=\"Sirenas Mediterranean Academy\" \/>\n<meta property=\"article:publisher\" content=\"https:\/\/www.facebook.com\/sirenas.mediterranean.academy\" \/>\n<meta property=\"article:modified_time\" content=\"2024-02-01T20:20:06+00:00\" \/>\n<meta name=\"twitter:card\" content=\"summary_large_image\" \/>\n<meta name=\"twitter:site\" content=\"@sirenas_academy\" \/>\n<meta name=\"twitter:label1\" content=\"Est. reading time\" \/>\n\t<meta name=\"twitter:data1\" content=\"2 minutes\" \/>\n<script type=\"application\/ld+json\" class=\"yoast-schema-graph\">{\"@context\":\"https:\/\/schema.org\",\"@graph\":[{\"@type\":\"WebPage\",\"@id\":\"https:\/\/www.sirenasmediterraneanacademy.com\/en\/faq\/\",\"url\":\"https:\/\/www.sirenasmediterraneanacademy.com\/en\/faq\/\",\"name\":\"FAQ - Sirenas Mediterranean Academy\",\"isPartOf\":{\"@id\":\"https:\/\/www.sirenasmediterraneanacademy.com\/#website\"},\"datePublished\":\"2015-07-01T11:58:18+00:00\",\"dateModified\":\"2024-02-01T20:20:06+00:00\",\"description\":\"\u00bfTienes consultas sobre nuestra academia? En este apartado te ofrecemos todas las respuestas a tus preguntas sobre nuestra academia de sirenas y tritones.\",\"breadcrumb\":{\"@id\":\"https:\/\/www.sirenasmediterraneanacademy.com\/en\/faq\/#breadcrumb\"},\"inLanguage\":\"en-US\",\"potentialAction\":[{\"@type\":\"ReadAction\",\"target\":[\"https:\/\/www.sirenasmediterraneanacademy.com\/en\/faq\/\"]}]},{\"@type\":\"BreadcrumbList\",\"@id\":\"https:\/\/www.sirenasmediterraneanacademy.com\/en\/faq\/#breadcrumb\",\"itemListElement\":[{\"@type\":\"ListItem\",\"position\":1,\"name\":\"Portada\",\"item\":\"https:\/\/www.sirenasmediterraneanacademy.com\/en\/\"},{\"@type\":\"ListItem\",\"position\":2,\"name\":\"FAQ\"}]},{\"@type\":\"WebSite\",\"@id\":\"https:\/\/www.sirenasmediterraneanacademy.com\/#website\",\"url\":\"https:\/\/www.sirenasmediterraneanacademy.com\/\",\"name\":\"Sirenas Mediterranean Academy\",\"description\":\"Academia de Sirenas y Tritones\",\"publisher\":{\"@id\":\"https:\/\/www.sirenasmediterraneanacademy.com\/#organization\"},\"potentialAction\":[{\"@type\":\"SearchAction\",\"target\":{\"@type\":\"EntryPoint\",\"urlTemplate\":\"https:\/\/www.sirenasmediterraneanacademy.com\/?s={search_term_string}\"},\"query-input\":\"required name=search_term_string\"}],\"inLanguage\":\"en-US\"},{\"@type\":\"Organization\",\"@id\":\"https:\/\/www.sirenasmediterraneanacademy.com\/#organization\",\"name\":\"Sirenas Mediterranean Academy\",\"url\":\"https:\/\/www.sirenasmediterraneanacademy.com\/\",\"logo\":{\"@type\":\"ImageObject\",\"inLanguage\":\"en-US\",\"@id\":\"https:\/\/www.sirenasmediterraneanacademy.com\/#\/schema\/logo\/image\/\",\"url\":\"https:\/\/www.sirenasmediterraneanacademy.com\/wp-content\/uploads\/2021\/01\/sirena-letras-rojo.png\",\"contentUrl\":\"https:\/\/www.sirenasmediterraneanacademy.com\/wp-content\/uploads\/2021\/01\/sirena-letras-rojo.png\",\"width\":502,\"height\":401,\"caption\":\"Sirenas Mediterranean Academy\"},\"image\":{\"@id\":\"https:\/\/www.sirenasmediterraneanacademy.com\/#\/schema\/logo\/image\/\"},\"sameAs\":[\"https:\/\/www.facebook.com\/sirenas.mediterranean.academy\",\"https:\/\/x.com\/sirenas_academy\",\"https:\/\/www.youtube.com\/channel\/UCtgKqNb3aSddn3ckShjc5Gg\"]}]}<\/script>\n<!-- \/ Yoast SEO plugin. -->","yoast_head_json":{"title":"FAQ - Sirenas Mediterranean Academy","description":"\u00bfTienes consultas sobre nuestra academia? En este apartado te ofrecemos todas las respuestas a tus preguntas sobre nuestra academia de sirenas y tritones.","robots":{"index":"index","follow":"follow","max-snippet":"max-snippet:-1","max-image-preview":"max-image-preview:large","max-video-preview":"max-video-preview:-1"},"canonical":"https:\/\/www.sirenasmediterraneanacademy.com\/en\/faq\/","og_locale":"en_US","og_type":"article","og_title":"FAQ - Sirenas Mediterranean Academy","og_description":"\u00bfTienes consultas sobre nuestra academia? En este apartado te ofrecemos todas las respuestas a tus preguntas sobre nuestra academia de sirenas y tritones.","og_url":"https:\/\/www.sirenasmediterraneanacademy.com\/en\/faq\/","og_site_name":"Sirenas Mediterranean Academy","article_publisher":"https:\/\/www.facebook.com\/sirenas.mediterranean.academy","article_modified_time":"2024-02-01T20:20:06+00:00","twitter_card":"summary_large_image","twitter_site":"@sirenas_academy","twitter_misc":{"Est. reading time":"2 minutes"},"schema":{"@context":"https:\/\/schema.org","@graph":[{"@type":"WebPage","@id":"https:\/\/www.sirenasmediterraneanacademy.com\/en\/faq\/","url":"https:\/\/www.sirenasmediterraneanacademy.com\/en\/faq\/","name":"FAQ - Sirenas Mediterranean Academy","isPartOf":{"@id":"https:\/\/www.sirenasmediterraneanacademy.com\/#website"},"datePublished":"2015-07-01T11:58:18+00:00","dateModified":"2024-02-01T20:20:06+00:00","description":"\u00bfTienes consultas sobre nuestra academia? En este apartado te ofrecemos todas las respuestas a tus preguntas sobre nuestra academia de sirenas y tritones.","breadcrumb":{"@id":"https:\/\/www.sirenasmediterraneanacademy.com\/en\/faq\/#breadcrumb"},"inLanguage":"en-US","potentialAction":[{"@type":"ReadAction","target":["https:\/\/www.sirenasmediterraneanacademy.com\/en\/faq\/"]}]},{"@type":"BreadcrumbList","@id":"https:\/\/www.sirenasmediterraneanacademy.com\/en\/faq\/#breadcrumb","itemListElement":[{"@type":"ListItem","position":1,"name":"Portada","item":"https:\/\/www.sirenasmediterraneanacademy.com\/en\/"},{"@type":"ListItem","position":2,"name":"FAQ"}]},{"@type":"WebSite","@id":"https:\/\/www.sirenasmediterraneanacademy.com\/#website","url":"https:\/\/www.sirenasmediterraneanacademy.com\/","name":"Sirenas Mediterranean Academy","description":"Academia de Sirenas y Tritones","publisher":{"@id":"https:\/\/www.sirenasmediterraneanacademy.com\/#organization"},"potentialAction":[{"@type":"SearchAction","target":{"@type":"EntryPoint","urlTemplate":"https:\/\/www.sirenasmediterraneanacademy.com\/?s={search_term_string}"},"query-input":"required name=search_term_string"}],"inLanguage":"en-US"},{"@type":"Organization","@id":"https:\/\/www.sirenasmediterraneanacademy.com\/#organization","name":"Sirenas Mediterranean Academy","url":"https:\/\/www.sirenasmediterraneanacademy.com\/","logo":{"@type":"ImageObject","inLanguage":"en-US","@id":"https:\/\/www.sirenasmediterraneanacademy.com\/#\/schema\/logo\/image\/","url":"https:\/\/www.sirenasmediterraneanacademy.com\/wp-content\/uploads\/2021\/01\/sirena-letras-rojo.png","contentUrl":"https:\/\/www.sirenasmediterraneanacademy.com\/wp-content\/uploads\/2021\/01\/sirena-letras-rojo.png","width":502,"height":401,"caption":"Sirenas Mediterranean Academy"},"image":{"@id":"https:\/\/www.sirenasmediterraneanacademy.com\/#\/schema\/logo\/image\/"},"sameAs":["https:\/\/www.facebook.com\/sirenas.mediterranean.academy","https:\/\/x.com\/sirenas_academy","https:\/\/www.youtube.com\/channel\/UCtgKqNb3aSddn3ckShjc5Gg"]}]}},"_links":{"self":[{"href":"https:\/\/www.sirenasmediterraneanacademy.com\/en\/wp-json\/wp\/v2\/pages\/16601"}],"collection":[{"href":"https:\/\/www.sirenasmediterraneanacademy.com\/en\/wp-json\/wp\/v2\/pages"}],"about":[{"href":"https:\/\/www.sirenasmediterraneanacademy.com\/en\/wp-json\/wp\/v2\/types\/page"}],"author":[{"embeddable":true,"href":"https:\/\/www.sirenasmediterraneanacademy.com\/en\/wp-json\/wp\/v2\/users\/1"}],"replies":[{"embeddable":true,"href":"https:\/\/www.sirenasmediterraneanacademy.com\/en\/wp-json\/wp\/v2\/comments?post=16601"}],"version-history":[{"count":3,"href":"https:\/\/www.sirenasmediterraneanacademy.com\/en\/wp-json\/wp\/v2\/pages\/16601\/revisions"}],"predecessor-version":[{"id":21654,"href":"https:\/\/www.sirenasmediterraneanacademy.com\/en\/wp-json\/wp\/v2\/pages\/16601\/revisions\/21654"}],"wp:attachment":[{"href":"https:\/\/www.sirenasmediterraneanacademy.com\/en\/wp-json\/wp\/v2\/media?parent=16601"}],"curies":[{"name":"wp","href":"https:\/\/api.w.org\/{rel}","templated":true}]}}