{"id":16618,"date":"2015-07-01T16:08:48","date_gmt":"2015-07-01T16:08:48","guid":{"rendered":"http:\/\/www.sirenasmediterraneanacademy.com\/en\/academia\/"},"modified":"2015-08-30T17:32:26","modified_gmt":"2015-08-30T17:32:26","slug":"the-academy","status":"publish","type":"page","link":"https:\/\/www.sirenasmediterraneanacademy.com\/en\/the-academy\/","title":{"rendered":"The Academy"},"content":{"rendered":"<p>[vc_row row_type=&#8221;row&#8221; type=&#8221;grid&#8221; text_align=&#8221;left&#8221; use_row_as_full_screen_section=&#8221;no&#8221; parallax_content_width=&#8221;in_grid&#8221; angled_section=&#8221;no&#8221; angled_section_position=&#8221;both&#8221; angled_section_direction=&#8221;from_left_to_right&#8221; background_image_as_pattern=&#8221;without_pattern&#8221; row_negative_margin=&#8221;&#8221;][vc_column width=&#8221;1\/1&#8243;][layerslider_vc id=&#8221;23&#8243;][vc_separator type=&#8221;transparent&#8221; position=&#8221;center&#8221; up=&#8221;44&#8243; down=&#8221;0&#8243;]<div class=\"custom_font_holder\" style=\"font-family: Raleway; font-size: 30px; line-height: 38px; font-style: normal; font-weight: 300; color: #00788a; text-decoration: none; letter-spacing: 0px; padding: 0; margin: 0; text-align: center;\">The first Mediterranean Academy of Mermaids \u2018Sirenas Mediterranean Academy\u2019, was born from a dream and offers the possibility of living a unique experience in the Mediterranean, a magical fantasy, becoming a Mermaid or Triton.<\/div>[\/vc_column][\/vc_row][vc_row row_type=&#8221;row&#8221; type=&#8221;grid&#8221; text_align=&#8221;left&#8221; padding_top=&#8221;40&#8243; padding_bottom=&#8221;40&#8243; use_row_as_full_screen_section=&#8221;no&#8221; parallax_content_width=&#8221;in_grid&#8221; angled_section=&#8221;no&#8221; angled_section_position=&#8221;both&#8221; angled_section_direction=&#8221;from_left_to_right&#8221; background_image_as_pattern=&#8221;without_pattern&#8221; row_negative_margin=&#8221;&#8221;][vc_column width=&#8221;2\/3&#8243;][vc_column_text]<\/p>\n<p style=\"text-align: justify;\">This is our purpose, a water leisure activity, a funny and healthy entertainment, and a dream that any person whether male or female, big or small, can make it possible. All this is done having in consideration the concept of an academy, in order to create a cultural, artistic and sportive institution.<\/p>\n<p style=\"text-align: justify;\">The figure of Mermaids and Tritons not only represent the history and mythology of the Mediterranean, but also the love for the wildlife and vegetation and its conservation, and as a consequence for the other seas and oceans on Earth. Our planet is also called the blue planet as more than the 70% of its composition is water.<\/p>\n<p style=\"text-align: justify;\">For this reason, educational and social actions are performed, collaborating with schools and encouraging respect for the environment, linking and collaborating with institutions and associations that work for the conservation of the environmental space.<\/p>\n<p style=\"text-align: justify;\">The practice of water sports is one of the healthiest ways to keep fit. This quality is one of the main characteristics of our activity, as it also improves people\u2019s mood and it also works out muscle groups. As the body performs a wave motion movement, helped by the fin propulsion, you work out your gluteus, abdominal waist and lumbar, and with the movement of your arms, you work out your triceps, pectoral and dorsal. By breathing we make the return of the blood back to the heart easier, and we help the ventilation of the lung alveoli. It is a complete job of toning, strengthening, and oxygenation, with no direct impact to the body and its realization has no age limits.<\/p>\n<p>[\/vc_column_text][\/vc_column][vc_column width=&#8221;1\/3&#8243;][vc_single_image image=&#8221;15801&#8243; border_color=&#8221;grey&#8221; img_link_large=&#8221;&#8221; img_link_target=&#8221;_self&#8221; img_size=&#8221;200&#215;200&#8243; style=&#8221;vc_box_circle_2&#8243; alignment=&#8221;center&#8221;][vc_separator type=&#8221;transparent&#8221; position=&#8221;center&#8221; width_in_percentages=&#8221;&#8221; up=&#8221;16&#8243; down=&#8221;13&#8243;][vc_column_text]Our desire is not only to perform an aquatic activity, but that whoever makes this activity becomes the main character of history and mythology, living the magic experience of being a mythological creature.[\/vc_column_text][\/vc_column][\/vc_row][vc_row row_type=&#8221;row&#8221; use_row_as_full_screen_section=&#8221;no&#8221; type=&#8221;grid&#8221; parallax_content_width=&#8221;in_grid&#8221; angled_section=&#8221;no&#8221; angled_section_position=&#8221;both&#8221; angled_section_direction=&#8221;from_left_to_right&#8221; text_align=&#8221;left&#8221; background_image_as_pattern=&#8221;without_pattern&#8221; row_negative_margin=&#8221;&#8221;][vc_column width=&#8221;1\/1&#8243;][vc_separator type=&#8221;normal&#8221; position=&#8221;center&#8221; width_in_percentages=&#8221;&#8221; down=&#8221;30&#8243;][vc_row_inner row_type=&#8221;row&#8221; use_as_box=&#8221;&#8221; type=&#8221;full_width&#8221; anchor=&#8221;&#8221; text_align=&#8221;left&#8221; background_color=&#8221;&#8221; background_image=&#8221;&#8221; section_height=&#8221;&#8221; border_color=&#8221;&#8221; row_negative_margin=&#8221;&#8221; side_padding=&#8221;&#8221; padding_top=&#8221;&#8221; padding_bottom=&#8221;&#8221; more_button_label=&#8221;&#8221; less_button_label=&#8221;&#8221; button_position=&#8221;&#8221; color=&#8221;&#8221; css_animation=&#8221;&#8221; transition_delay=&#8221;&#8221;][vc_column_inner el_class=&#8221;&#8221; width=&#8221;1\/4&#8243;][vc_column_text]<a href=\"http:\/\/sirenasmediterraneanacademy.com\/wp-content\/uploads\/2014\/05\/logo-sirenas-grande.png\"><img loading=\"lazy\" decoding=\"async\" class=\" size-medium wp-image-15513 aligncenter\" src=\"http:\/\/sirenasmediterraneanacademy.com\/wp-content\/uploads\/2014\/05\/logo-sirenas-grande-300x139.png\" alt=\"logo-sirenas-grande\" width=\"300\" height=\"139\" srcset=\"https:\/\/www.sirenasmediterraneanacademy.com\/wp-content\/uploads\/2014\/05\/logo-sirenas-grande-300x139.png 300w, https:\/\/www.sirenasmediterraneanacademy.com\/wp-content\/uploads\/2014\/05\/logo-sirenas-grande.png 513w\" sizes=\"(max-width: 300px) 100vw, 300px\" \/><\/a>[\/vc_column_text][\/vc_column_inner][vc_column_inner el_class=&#8221;&#8221; width=&#8221;3\/4&#8243;]<div class=\"custom_font_holder\" style=\" font-size: 24px; line-height: 38px; font-style: normal; font-weight: 300; text-decoration: none; letter-spacing: 0px; padding: 0; margin: 0; text-align: left;\">Our Mermaids Academy means quality of service, respect for the environment, professionalism, customer treatment, education and healthy habits.<\/div>[\/vc_column_inner][\/vc_row_inner][vc_separator type=&#8221;normal&#8221; position=&#8221;center&#8221; color=&#8221;&#8221; transparency=&#8221;&#8221; thickness=&#8221;&#8221; width=&#8221;&#8221; width_in_percentages=&#8221;&#8221; up=&#8221;35&#8243; down=&#8221;&#8221;][\/vc_column][\/vc_row][vc_row row_type=&#8221;row&#8221; use_row_as_full_screen_section=&#8221;no&#8221; type=&#8221;grid&#8221; parallax_content_width=&#8221;in_grid&#8221; angled_section=&#8221;no&#8221; angled_section_position=&#8221;both&#8221; angled_section_direction=&#8221;from_left_to_right&#8221; text_align=&#8221;left&#8221; background_image_as_pattern=&#8221;without_pattern&#8221; row_negative_margin=&#8221;&#8221; padding_top=&#8221;50&#8243; padding_bottom=&#8221;90&#8243;][vc_column width=&#8221;1\/1&#8243;]<div class=\"custom_font_holder\" style=\" font-size: 24px; line-height: 38px; font-style: normal; font-weight: 300; text-decoration: none; letter-spacing: 0px; padding: 0; margin: 0; text-align: left;\">Our partners:<\/div>[vc_separator type=&#8221;transparent&#8221; position=&#8221;center&#8221; width_in_percentages=&#8221;&#8221;][vc_row_inner row_type=&#8221;row&#8221; use_as_box=&#8221;&#8221; type=&#8221;full_width&#8221; anchor=&#8221;&#8221; text_align=&#8221;left&#8221; background_color=&#8221;&#8221; background_image=&#8221;&#8221; section_height=&#8221;&#8221; border_color=&#8221;&#8221; row_negative_margin=&#8221;&#8221; side_padding=&#8221;&#8221; padding_top=&#8221;&#8221; padding_bottom=&#8221;&#8221; more_button_label=&#8221;&#8221; less_button_label=&#8221;&#8221; button_position=&#8221;&#8221; color=&#8221;&#8221; css_animation=&#8221;&#8221; transition_delay=&#8221;&#8221;][vc_column_inner el_class=&#8221;&#8221; width=&#8221;1\/1&#8243;]<div class='qode_carousels_holder clearfix'><div class='qode_carousels'><ul class='slides'><li class='item'><div class=\"carousel_item_holder\"><span class='first_image_holder has_hover_image'><img decoding=\"async\" src=\"http:\/\/sirenasmediterraneanacademy.com\/wp-content\/uploads\/2015\/08\/c_0003_necesito-espana.png\" alt=\"carousel image\" \/><\/span><span class='second_image_holder has_hover_image'><img decoding=\"async\" src=\"http:\/\/sirenasmediterraneanacademy.com\/wp-content\/uploads\/2015\/08\/c_0003_necesito-espana.png\" alt=\"carousel image\" \/><\/span><\/div><\/li><li class='item'><div class=\"carousel_item_holder\"><span class='first_image_holder has_hover_image'><img decoding=\"async\" src=\"http:\/\/sirenasmediterraneanacademy.com\/wp-content\/uploads\/2015\/08\/c_0000_terre-mare.png\" alt=\"carousel image\" \/><\/span><span class='second_image_holder has_hover_image'><img decoding=\"async\" src=\"http:\/\/sirenasmediterraneanacademy.com\/wp-content\/uploads\/2015\/08\/c_0000_terre-mare.png\" alt=\"carousel image\" \/><\/span><\/div><\/li><\/ul><\/div><\/div>[\/vc_column_inner][\/vc_row_inner][\/vc_column][\/vc_row]<\/p>\n","protected":false},"excerpt":{"rendered":"<p>[vc_row row_type=&#8221;row&#8221; type=&#8221;grid&#8221; text_align=&#8221;left&#8221; use_row_as_full_screen_section=&#8221;no&#8221; parallax_content_width=&#8221;in_grid&#8221; angled_section=&#8221;no&#8221; angled_section_position=&#8221;both&#8221; angled_section_direction=&#8221;from_left_to_right&#8221; background_image_as_pattern=&#8221;without_pattern&#8221; row_negative_margin=&#8221;&#8221;][vc_column width=&#8221;1\/1&#8243;][layerslider_vc id=&#8221;23&#8243;][vc_separator type=&#8221;transparent&#8221; position=&#8221;center&#8221; up=&#8221;44&#8243; down=&#8221;0&#8243;][\/vc_column][\/vc_row][vc_row row_type=&#8221;row&#8221; type=&#8221;grid&#8221; text_align=&#8221;left&#8221; padding_top=&#8221;40&#8243; padding_bottom=&#8221;40&#8243; use_row_as_full_screen_section=&#8221;no&#8221; parallax_content_width=&#8221;in_grid&#8221; angled_section=&#8221;no&#8221; angled_section_position=&#8221;both&#8221; angled_section_direction=&#8221;from_left_to_right&#8221; background_image_as_pattern=&#8221;without_pattern&#8221; row_negative_margin=&#8221;&#8221;][vc_column width=&#8221;2\/3&#8243;][vc_column_text] This is our purpose, a water leisure activity, a funny and healthy entertainment, and a&#8230;<\/p>\n","protected":false},"author":1,"featured_media":0,"parent":0,"menu_order":0,"comment_status":"open","ping_status":"open","template":"full_width.php","meta":{"footnotes":""},"yoast_head":"<!-- This site is optimized with the Yoast SEO plugin v22.8 - https:\/\/yoast.com\/wordpress\/plugins\/seo\/ -->\n<title>The Academy - Sirenas Mediterranean Academy<\/title>\n<meta name=\"description\" content=\"La primera academia de Sirenas y Tritones del Mediterr\u00e1neo. Convi\u00e9rtete en sirena o trit\u00f3n! Tambi\u00e9n colaboramos con todo tipo de eventos. Ll\u00e1manos!\" \/>\n<meta name=\"robots\" content=\"index, follow, max-snippet:-1, max-image-preview:large, max-video-preview:-1\" \/>\n<link rel=\"canonical\" href=\"https:\/\/www.sirenasmediterraneanacademy.com\/en\/the-academy\/\" \/>\n<meta property=\"og:locale\" content=\"en_US\" \/>\n<meta property=\"og:type\" content=\"article\" \/>\n<meta property=\"og:title\" content=\"The Academy - Sirenas Mediterranean Academy\" \/>\n<meta property=\"og:description\" content=\"La primera academia de Sirenas y Tritones del Mediterr\u00e1neo. Convi\u00e9rtete en sirena o trit\u00f3n! Tambi\u00e9n colaboramos con todo tipo de eventos. Ll\u00e1manos!\" \/>\n<meta property=\"og:url\" content=\"https:\/\/www.sirenasmediterraneanacademy.com\/en\/the-academy\/\" \/>\n<meta property=\"og:site_name\" content=\"Sirenas Mediterranean Academy\" \/>\n<meta property=\"article:publisher\" content=\"https:\/\/www.facebook.com\/sirenas.mediterranean.academy\" \/>\n<meta property=\"article:modified_time\" content=\"2015-08-30T17:32:26+00:00\" \/>\n<meta property=\"og:image\" content=\"http:\/\/sirenasmediterraneanacademy.com\/wp-content\/uploads\/2014\/05\/logo-sirenas-grande-300x139.png\" \/>\n<meta name=\"twitter:card\" content=\"summary_large_image\" \/>\n<meta name=\"twitter:site\" content=\"@sirenas_academy\" \/>\n<meta name=\"twitter:label1\" content=\"Est. reading time\" \/>\n\t<meta name=\"twitter:data1\" content=\"4 minutes\" \/>\n<script type=\"application\/ld+json\" class=\"yoast-schema-graph\">{\"@context\":\"https:\/\/schema.org\",\"@graph\":[{\"@type\":\"WebPage\",\"@id\":\"https:\/\/www.sirenasmediterraneanacademy.com\/en\/the-academy\/\",\"url\":\"https:\/\/www.sirenasmediterraneanacademy.com\/en\/the-academy\/\",\"name\":\"The Academy - Sirenas Mediterranean Academy\",\"isPartOf\":{\"@id\":\"https:\/\/www.sirenasmediterraneanacademy.com\/#website\"},\"primaryImageOfPage\":{\"@id\":\"https:\/\/www.sirenasmediterraneanacademy.com\/en\/the-academy\/#primaryimage\"},\"image\":{\"@id\":\"https:\/\/www.sirenasmediterraneanacademy.com\/en\/the-academy\/#primaryimage\"},\"thumbnailUrl\":\"http:\/\/sirenasmediterraneanacademy.com\/wp-content\/uploads\/2014\/05\/logo-sirenas-grande-300x139.png\",\"datePublished\":\"2015-07-01T16:08:48+00:00\",\"dateModified\":\"2015-08-30T17:32:26+00:00\",\"description\":\"La primera academia de Sirenas y Tritones del Mediterr\u00e1neo. Convi\u00e9rtete en sirena o trit\u00f3n! Tambi\u00e9n colaboramos con todo tipo de eventos. Ll\u00e1manos!\",\"breadcrumb\":{\"@id\":\"https:\/\/www.sirenasmediterraneanacademy.com\/en\/the-academy\/#breadcrumb\"},\"inLanguage\":\"en-US\",\"potentialAction\":[{\"@type\":\"ReadAction\",\"target\":[\"https:\/\/www.sirenasmediterraneanacademy.com\/en\/the-academy\/\"]}]},{\"@type\":\"ImageObject\",\"inLanguage\":\"en-US\",\"@id\":\"https:\/\/www.sirenasmediterraneanacademy.com\/en\/the-academy\/#primaryimage\",\"url\":\"http:\/\/sirenasmediterraneanacademy.com\/wp-content\/uploads\/2014\/05\/logo-sirenas-grande-300x139.png\",\"contentUrl\":\"http:\/\/sirenasmediterraneanacademy.com\/wp-content\/uploads\/2014\/05\/logo-sirenas-grande-300x139.png\"},{\"@type\":\"BreadcrumbList\",\"@id\":\"https:\/\/www.sirenasmediterraneanacademy.com\/en\/the-academy\/#breadcrumb\",\"itemListElement\":[{\"@type\":\"ListItem\",\"position\":1,\"name\":\"Portada\",\"item\":\"https:\/\/www.sirenasmediterraneanacademy.com\/en\/\"},{\"@type\":\"ListItem\",\"position\":2,\"name\":\"The Academy\"}]},{\"@type\":\"WebSite\",\"@id\":\"https:\/\/www.sirenasmediterraneanacademy.com\/#website\",\"url\":\"https:\/\/www.sirenasmediterraneanacademy.com\/\",\"name\":\"Sirenas Mediterranean Academy\",\"description\":\"Academia de Sirenas y Tritones\",\"publisher\":{\"@id\":\"https:\/\/www.sirenasmediterraneanacademy.com\/#organization\"},\"potentialAction\":[{\"@type\":\"SearchAction\",\"target\":{\"@type\":\"EntryPoint\",\"urlTemplate\":\"https:\/\/www.sirenasmediterraneanacademy.com\/?s={search_term_string}\"},\"query-input\":\"required name=search_term_string\"}],\"inLanguage\":\"en-US\"},{\"@type\":\"Organization\",\"@id\":\"https:\/\/www.sirenasmediterraneanacademy.com\/#organization\",\"name\":\"Sirenas Mediterranean Academy\",\"url\":\"https:\/\/www.sirenasmediterraneanacademy.com\/\",\"logo\":{\"@type\":\"ImageObject\",\"inLanguage\":\"en-US\",\"@id\":\"https:\/\/www.sirenasmediterraneanacademy.com\/#\/schema\/logo\/image\/\",\"url\":\"https:\/\/www.sirenasmediterraneanacademy.com\/wp-content\/uploads\/2021\/01\/sirena-letras-rojo.png\",\"contentUrl\":\"https:\/\/www.sirenasmediterraneanacademy.com\/wp-content\/uploads\/2021\/01\/sirena-letras-rojo.png\",\"width\":502,\"height\":401,\"caption\":\"Sirenas Mediterranean Academy\"},\"image\":{\"@id\":\"https:\/\/www.sirenasmediterraneanacademy.com\/#\/schema\/logo\/image\/\"},\"sameAs\":[\"https:\/\/www.facebook.com\/sirenas.mediterranean.academy\",\"https:\/\/x.com\/sirenas_academy\",\"https:\/\/www.youtube.com\/channel\/UCtgKqNb3aSddn3ckShjc5Gg\"]}]}<\/script>\n<!-- \/ Yoast SEO plugin. -->","yoast_head_json":{"title":"The Academy - Sirenas Mediterranean Academy","description":"La primera academia de Sirenas y Tritones del Mediterr\u00e1neo. Convi\u00e9rtete en sirena o trit\u00f3n! Tambi\u00e9n colaboramos con todo tipo de eventos. Ll\u00e1manos!","robots":{"index":"index","follow":"follow","max-snippet":"max-snippet:-1","max-image-preview":"max-image-preview:large","max-video-preview":"max-video-preview:-1"},"canonical":"https:\/\/www.sirenasmediterraneanacademy.com\/en\/the-academy\/","og_locale":"en_US","og_type":"article","og_title":"The Academy - Sirenas Mediterranean Academy","og_description":"La primera academia de Sirenas y Tritones del Mediterr\u00e1neo. Convi\u00e9rtete en sirena o trit\u00f3n! Tambi\u00e9n colaboramos con todo tipo de eventos. Ll\u00e1manos!","og_url":"https:\/\/www.sirenasmediterraneanacademy.com\/en\/the-academy\/","og_site_name":"Sirenas Mediterranean Academy","article_publisher":"https:\/\/www.facebook.com\/sirenas.mediterranean.academy","article_modified_time":"2015-08-30T17:32:26+00:00","og_image":[{"url":"http:\/\/sirenasmediterraneanacademy.com\/wp-content\/uploads\/2014\/05\/logo-sirenas-grande-300x139.png"}],"twitter_card":"summary_large_image","twitter_site":"@sirenas_academy","twitter_misc":{"Est. reading time":"4 minutes"},"schema":{"@context":"https:\/\/schema.org","@graph":[{"@type":"WebPage","@id":"https:\/\/www.sirenasmediterraneanacademy.com\/en\/the-academy\/","url":"https:\/\/www.sirenasmediterraneanacademy.com\/en\/the-academy\/","name":"The Academy - Sirenas Mediterranean Academy","isPartOf":{"@id":"https:\/\/www.sirenasmediterraneanacademy.com\/#website"},"primaryImageOfPage":{"@id":"https:\/\/www.sirenasmediterraneanacademy.com\/en\/the-academy\/#primaryimage"},"image":{"@id":"https:\/\/www.sirenasmediterraneanacademy.com\/en\/the-academy\/#primaryimage"},"thumbnailUrl":"http:\/\/sirenasmediterraneanacademy.com\/wp-content\/uploads\/2014\/05\/logo-sirenas-grande-300x139.png","datePublished":"2015-07-01T16:08:48+00:00","dateModified":"2015-08-30T17:32:26+00:00","description":"La primera academia de Sirenas y Tritones del Mediterr\u00e1neo. Convi\u00e9rtete en sirena o trit\u00f3n! Tambi\u00e9n colaboramos con todo tipo de eventos. Ll\u00e1manos!","breadcrumb":{"@id":"https:\/\/www.sirenasmediterraneanacademy.com\/en\/the-academy\/#breadcrumb"},"inLanguage":"en-US","potentialAction":[{"@type":"ReadAction","target":["https:\/\/www.sirenasmediterraneanacademy.com\/en\/the-academy\/"]}]},{"@type":"ImageObject","inLanguage":"en-US","@id":"https:\/\/www.sirenasmediterraneanacademy.com\/en\/the-academy\/#primaryimage","url":"http:\/\/sirenasmediterraneanacademy.com\/wp-content\/uploads\/2014\/05\/logo-sirenas-grande-300x139.png","contentUrl":"http:\/\/sirenasmediterraneanacademy.com\/wp-content\/uploads\/2014\/05\/logo-sirenas-grande-300x139.png"},{"@type":"BreadcrumbList","@id":"https:\/\/www.sirenasmediterraneanacademy.com\/en\/the-academy\/#breadcrumb","itemListElement":[{"@type":"ListItem","position":1,"name":"Portada","item":"https:\/\/www.sirenasmediterraneanacademy.com\/en\/"},{"@type":"ListItem","position":2,"name":"The Academy"}]},{"@type":"WebSite","@id":"https:\/\/www.sirenasmediterraneanacademy.com\/#website","url":"https:\/\/www.sirenasmediterraneanacademy.com\/","name":"Sirenas Mediterranean Academy","description":"Academia de Sirenas y Tritones","publisher":{"@id":"https:\/\/www.sirenasmediterraneanacademy.com\/#organization"},"potentialAction":[{"@type":"SearchAction","target":{"@type":"EntryPoint","urlTemplate":"https:\/\/www.sirenasmediterraneanacademy.com\/?s={search_term_string}"},"query-input":"required name=search_term_string"}],"inLanguage":"en-US"},{"@type":"Organization","@id":"https:\/\/www.sirenasmediterraneanacademy.com\/#organization","name":"Sirenas Mediterranean Academy","url":"https:\/\/www.sirenasmediterraneanacademy.com\/","logo":{"@type":"ImageObject","inLanguage":"en-US","@id":"https:\/\/www.sirenasmediterraneanacademy.com\/#\/schema\/logo\/image\/","url":"https:\/\/www.sirenasmediterraneanacademy.com\/wp-content\/uploads\/2021\/01\/sirena-letras-rojo.png","contentUrl":"https:\/\/www.sirenasmediterraneanacademy.com\/wp-content\/uploads\/2021\/01\/sirena-letras-rojo.png","width":502,"height":401,"caption":"Sirenas Mediterranean Academy"},"image":{"@id":"https:\/\/www.sirenasmediterraneanacademy.com\/#\/schema\/logo\/image\/"},"sameAs":["https:\/\/www.facebook.com\/sirenas.mediterranean.academy","https:\/\/x.com\/sirenas_academy","https:\/\/www.youtube.com\/channel\/UCtgKqNb3aSddn3ckShjc5Gg"]}]}},"_links":{"self":[{"href":"https:\/\/www.sirenasmediterraneanacademy.com\/en\/wp-json\/wp\/v2\/pages\/16618"}],"collection":[{"href":"https:\/\/www.sirenasmediterraneanacademy.com\/en\/wp-json\/wp\/v2\/pages"}],"about":[{"href":"https:\/\/www.sirenasmediterraneanacademy.com\/en\/wp-json\/wp\/v2\/types\/page"}],"author":[{"embeddable":true,"href":"https:\/\/www.sirenasmediterraneanacademy.com\/en\/wp-json\/wp\/v2\/users\/1"}],"replies":[{"embeddable":true,"href":"https:\/\/www.sirenasmediterraneanacademy.com\/en\/wp-json\/wp\/v2\/comments?post=16618"}],"version-history":[{"count":5,"href":"https:\/\/www.sirenasmediterraneanacademy.com\/en\/wp-json\/wp\/v2\/pages\/16618\/revisions"}],"predecessor-version":[{"id":17026,"href":"https:\/\/www.sirenasmediterraneanacademy.com\/en\/wp-json\/wp\/v2\/pages\/16618\/revisions\/17026"}],"wp:attachment":[{"href":"https:\/\/www.sirenasmediterraneanacademy.com\/en\/wp-json\/wp\/v2\/media?parent=16618"}],"curies":[{"name":"wp","href":"https:\/\/api.w.org\/{rel}","templated":true}]}}