{"id":16735,"date":"2015-08-02T16:42:07","date_gmt":"2015-08-02T16:42:07","guid":{"rendered":"http:\/\/www.sirenasmediterraneanacademy.com\/en\/politica-de-uso-de-cookies\/"},"modified":"2015-08-27T08:15:53","modified_gmt":"2015-08-27T08:15:53","slug":"cookies-policy","status":"publish","type":"page","link":"https:\/\/www.sirenasmediterraneanacademy.com\/en\/cookies-policy\/","title":{"rendered":"Cookies policy"},"content":{"rendered":"<p>[vc_row row_type=&#8221;row&#8221; type=&#8221;grid&#8221; text_align=&#8221;left&#8221; use_row_as_full_screen_section=&#8221;no&#8221; parallax_content_width=&#8221;in_grid&#8221; angled_section=&#8221;no&#8221; angled_section_position=&#8221;both&#8221; angled_section_direction=&#8221;from_left_to_right&#8221; background_image_as_pattern=&#8221;without_pattern&#8221; row_negative_margin=&#8221;&#8221;][vc_column width=&#8221;1\/1&#8243;][vc_column_text]El titular de esta web, sirenasmediterraneanacademy.com, \u00a0es Sirenas Mediterranean Academy<\/p>\n<p>Mediante el presente documento se establece la pol\u00edtica de uso de cookies de la web sirenasmediterraneanacademy.com, con respecto a todos aquellos usuarios que accedan o utilicen los servicios de sirenasmediterraneanacademy.com. La utilizaci\u00f3n de estos servicios, supondr\u00e1 la aceptaci\u00f3n plena y sin reservas de esta pol\u00edtica de uso de cookies.<\/p>\n<p>Sirenas Mediterranean Academy podr\u00e1 captar informaci\u00f3n a trav\u00e9s de cookies sobre la navegaci\u00f3n y el comportamiento de los usuarios en el sitio web sirenasmediterraneanacademy.com. Las cookies son un fichero que se descarga en su equipo al acceder nuestra web. Las cookies permiten a nuestra web, almacenar y recuperar informaci\u00f3n sobre los h\u00e1bitos de navegaci\u00f3n de un usuario o de su equipo y, dependiendo de la informaci\u00f3n que contengan y de la forma en que utilice su equipo, pueden utilizarse para reconocer al usuario.<\/p>\n<p>Gracias a las cookies, resulta posible que nuestra web reconozca el navegador del equipo utilizado por el usuario, \u00a0con la finalidad de que la navegaci\u00f3n sea m\u00e1s sencilla as\u00ed como para medir la audiencia y par\u00e1metros del tr\u00e1fico.<\/p>\n<p>Sirenas Mediterranean Academy utiliza cookies de anal\u00edtica web para medir y analizar la navegaci\u00f3n de los usuarios en sirenasmediterraneanacademy.com. Las cookies de anal\u00edtica son aqu\u00e9llas que permiten al responsable de las mismas, el seguimiento y an\u00e1lisis del comportamiento de los usuarios en sirenasmediterraneanacademy.com.<\/p>\n<p>Sirenas Mediterranean Academy utiliza los datos obtenidos para mejorar nuestra web sirenasmediterraneanacademy.com, detectar nuevas necesidades y valorar las mejoras a introducir con la finalidad de prestar un mejor servicio a los usuarios que nos visitan, adapt\u00e1ndo sirenasmediterraneanacademy.com, \u00a0por ejemplo, a los navegadores o terminales m\u00e1s utilizados.<\/p>\n<p>En la siguiente tabla puede consultar las cookies utilizadas sirenasmediterraneanacademy.com, la informaci\u00f3n obtenida por las mismas y su finalidad:<\/p>\n<table>\n<tbody>\n<tr>\n<td><strong>Cookie<\/strong><\/td>\n<td><strong>Proveedor<\/strong><\/td>\n<td><strong>Finalidad Cookie<\/strong><\/td>\n<td><strong>M\u00e1s informaci\u00f3n<\/strong><\/td>\n<td><strong>Categor\u00eda<\/strong><\/td>\n<\/tr>\n<tr>\n<td>__utma, __utmb, __utmc,__utmz<\/td>\n<td>Google Analytics<\/td>\n<td>Determina visitantes \u00fanicos, Determina el establecimiento y la continuidad de una sesi\u00f3n de usuario, Determina si establecer una nueva sesi\u00f3n de usuario, Almacena la referencia usada por el usuario para visitar la web<\/td>\n<td><u>http:\/\/goo.gl\/YatXtA<\/u><\/td>\n<td>Terceros\/Anal\u00edtica<\/td>\n<\/tr>\n<\/tbody>\n<\/table>\n<p><strong>Revocaci\u00f3n y eliminaci\u00f3n de cookies<\/strong><\/p>\n<p>Usted puede permitir, bloquear o eliminar las cookies instaladas en su equipo mediante la configuraci\u00f3n de las opciones del navegador instalado en su equipo, en caso que no permita la instalaci\u00f3n de cookies en su navegador es posible que no pueda acceder a alguna de las secciones de nuestra web.<\/p>\n<p>Por ejemplo puede encontrar informaci\u00f3n sobre como hacerlo como hacerlo en el caso que use como navegador:<\/p>\n<ul>\n<li>Firefox desde\u00a0<u>http:\/\/support.mozilla.org\/es\/kb\/habilitar-y-deshabilitar-cookies-que-los-sitios-we<\/u><\/li>\n<li>Chrome desde\u00a0<u>http:\/\/support.google.com\/chrome\/bin\/answer.py?hl=es&amp;answer=95647<\/u><\/li>\n<li>Explorer desde\u00a0<u>http:\/\/windows.microsoft.com\/es-es\/windows7\/how-to-manage-cookies-in-internet-explorer-9<\/u><\/li>\n<li>Safari desde\u00a0<u>http:\/\/support.apple.com\/kb\/ph5042<\/u><\/li>\n<\/ul>\n<p>Si desea obtener m\u00e1s informaci\u00f3n sobre las cookies utilizadas en sirenasmediterraneanacademy.com, puede escribir un email a info@sirenasmediterraneanacademy.com[\/vc_column_text][vc_empty_space height=&#8221;32px&#8221; image_repeat=&#8221;no-repeat&#8221;][\/vc_column][\/vc_row]<\/p>\n","protected":false},"excerpt":{"rendered":"<p>[vc_row row_type=&#8221;row&#8221; type=&#8221;grid&#8221; text_align=&#8221;left&#8221; use_row_as_full_screen_section=&#8221;no&#8221; parallax_content_width=&#8221;in_grid&#8221; angled_section=&#8221;no&#8221; angled_section_position=&#8221;both&#8221; angled_section_direction=&#8221;from_left_to_right&#8221; background_image_as_pattern=&#8221;without_pattern&#8221; row_negative_margin=&#8221;&#8221;][vc_column width=&#8221;1\/1&#8243;][vc_column_text]El titular de esta web, sirenasmediterraneanacademy.com, \u00a0es Sirenas Mediterranean Academy Mediante el presente documento se establece la pol\u00edtica de uso de cookies de la web sirenasmediterraneanacademy.com, con respecto a todos aquellos usuarios que accedan&#8230;<\/p>\n","protected":false},"author":1,"featured_media":0,"parent":0,"menu_order":0,"comment_status":"open","ping_status":"closed","template":"full_width.php","meta":{"footnotes":""},"yoast_head":"<!-- This site is optimized with the Yoast SEO plugin v22.8 - https:\/\/yoast.com\/wordpress\/plugins\/seo\/ -->\n<title>Cookies policy - Sirenas Mediterranean Academy<\/title>\n<meta name=\"robots\" content=\"noindex, follow\" \/>\n<meta property=\"og:locale\" content=\"en_US\" \/>\n<meta property=\"og:type\" content=\"article\" \/>\n<meta property=\"og:title\" content=\"Cookies policy - Sirenas Mediterranean Academy\" \/>\n<meta property=\"og:description\" content=\"[vc_row row_type=&#8221;row&#8221; type=&#8221;grid&#8221; text_align=&#8221;left&#8221; use_row_as_full_screen_section=&#8221;no&#8221; parallax_content_width=&#8221;in_grid&#8221; angled_section=&#8221;no&#8221; angled_section_position=&#8221;both&#8221; angled_section_direction=&#8221;from_left_to_right&#8221; background_image_as_pattern=&#8221;without_pattern&#8221; row_negative_margin=&#8221;&#8221;][vc_column width=&#8221;1\/1&#8243;][vc_column_text]El titular de esta web, sirenasmediterraneanacademy.com, \u00a0es Sirenas Mediterranean Academy Mediante el presente documento se establece la pol\u00edtica de uso de cookies de la web sirenasmediterraneanacademy.com, con respecto a todos aquellos usuarios que accedan...\" \/>\n<meta property=\"og:url\" content=\"https:\/\/www.sirenasmediterraneanacademy.com\/en\/cookies-policy\/\" \/>\n<meta property=\"og:site_name\" content=\"Sirenas Mediterranean Academy\" \/>\n<meta property=\"article:publisher\" content=\"https:\/\/www.facebook.com\/sirenas.mediterranean.academy\" \/>\n<meta property=\"article:modified_time\" content=\"2015-08-27T08:15:53+00:00\" \/>\n<meta name=\"twitter:card\" content=\"summary_large_image\" \/>\n<meta name=\"twitter:site\" content=\"@sirenas_academy\" \/>\n<meta name=\"twitter:label1\" content=\"Est. reading time\" \/>\n\t<meta name=\"twitter:data1\" content=\"3 minutes\" \/>\n<script type=\"application\/ld+json\" class=\"yoast-schema-graph\">{\"@context\":\"https:\/\/schema.org\",\"@graph\":[{\"@type\":\"WebPage\",\"@id\":\"https:\/\/www.sirenasmediterraneanacademy.com\/en\/cookies-policy\/\",\"url\":\"https:\/\/www.sirenasmediterraneanacademy.com\/en\/cookies-policy\/\",\"name\":\"Cookies policy - Sirenas Mediterranean Academy\",\"isPartOf\":{\"@id\":\"https:\/\/www.sirenasmediterraneanacademy.com\/#website\"},\"datePublished\":\"2015-08-02T16:42:07+00:00\",\"dateModified\":\"2015-08-27T08:15:53+00:00\",\"breadcrumb\":{\"@id\":\"https:\/\/www.sirenasmediterraneanacademy.com\/en\/cookies-policy\/#breadcrumb\"},\"inLanguage\":\"en-US\",\"potentialAction\":[{\"@type\":\"ReadAction\",\"target\":[\"https:\/\/www.sirenasmediterraneanacademy.com\/en\/cookies-policy\/\"]}]},{\"@type\":\"BreadcrumbList\",\"@id\":\"https:\/\/www.sirenasmediterraneanacademy.com\/en\/cookies-policy\/#breadcrumb\",\"itemListElement\":[{\"@type\":\"ListItem\",\"position\":1,\"name\":\"Portada\",\"item\":\"https:\/\/www.sirenasmediterraneanacademy.com\/en\/\"},{\"@type\":\"ListItem\",\"position\":2,\"name\":\"Cookies policy\"}]},{\"@type\":\"WebSite\",\"@id\":\"https:\/\/www.sirenasmediterraneanacademy.com\/#website\",\"url\":\"https:\/\/www.sirenasmediterraneanacademy.com\/\",\"name\":\"Sirenas Mediterranean Academy\",\"description\":\"Academia de Sirenas y Tritones\",\"publisher\":{\"@id\":\"https:\/\/www.sirenasmediterraneanacademy.com\/#organization\"},\"potentialAction\":[{\"@type\":\"SearchAction\",\"target\":{\"@type\":\"EntryPoint\",\"urlTemplate\":\"https:\/\/www.sirenasmediterraneanacademy.com\/?s={search_term_string}\"},\"query-input\":\"required name=search_term_string\"}],\"inLanguage\":\"en-US\"},{\"@type\":\"Organization\",\"@id\":\"https:\/\/www.sirenasmediterraneanacademy.com\/#organization\",\"name\":\"Sirenas Mediterranean Academy\",\"url\":\"https:\/\/www.sirenasmediterraneanacademy.com\/\",\"logo\":{\"@type\":\"ImageObject\",\"inLanguage\":\"en-US\",\"@id\":\"https:\/\/www.sirenasmediterraneanacademy.com\/#\/schema\/logo\/image\/\",\"url\":\"https:\/\/www.sirenasmediterraneanacademy.com\/wp-content\/uploads\/2021\/01\/sirena-letras-rojo.png\",\"contentUrl\":\"https:\/\/www.sirenasmediterraneanacademy.com\/wp-content\/uploads\/2021\/01\/sirena-letras-rojo.png\",\"width\":502,\"height\":401,\"caption\":\"Sirenas Mediterranean Academy\"},\"image\":{\"@id\":\"https:\/\/www.sirenasmediterraneanacademy.com\/#\/schema\/logo\/image\/\"},\"sameAs\":[\"https:\/\/www.facebook.com\/sirenas.mediterranean.academy\",\"https:\/\/x.com\/sirenas_academy\",\"https:\/\/www.youtube.com\/channel\/UCtgKqNb3aSddn3ckShjc5Gg\"]}]}<\/script>\n<!-- \/ Yoast SEO plugin. -->","yoast_head_json":{"title":"Cookies policy - Sirenas Mediterranean Academy","robots":{"index":"noindex","follow":"follow"},"og_locale":"en_US","og_type":"article","og_title":"Cookies policy - Sirenas Mediterranean Academy","og_description":"[vc_row row_type=&#8221;row&#8221; type=&#8221;grid&#8221; text_align=&#8221;left&#8221; use_row_as_full_screen_section=&#8221;no&#8221; parallax_content_width=&#8221;in_grid&#8221; angled_section=&#8221;no&#8221; angled_section_position=&#8221;both&#8221; angled_section_direction=&#8221;from_left_to_right&#8221; background_image_as_pattern=&#8221;without_pattern&#8221; row_negative_margin=&#8221;&#8221;][vc_column width=&#8221;1\/1&#8243;][vc_column_text]El titular de esta web, sirenasmediterraneanacademy.com, \u00a0es Sirenas Mediterranean Academy Mediante el presente documento se establece la pol\u00edtica de uso de cookies de la web sirenasmediterraneanacademy.com, con respecto a todos aquellos usuarios que accedan...","og_url":"https:\/\/www.sirenasmediterraneanacademy.com\/en\/cookies-policy\/","og_site_name":"Sirenas Mediterranean Academy","article_publisher":"https:\/\/www.facebook.com\/sirenas.mediterranean.academy","article_modified_time":"2015-08-27T08:15:53+00:00","twitter_card":"summary_large_image","twitter_site":"@sirenas_academy","twitter_misc":{"Est. reading time":"3 minutes"},"schema":{"@context":"https:\/\/schema.org","@graph":[{"@type":"WebPage","@id":"https:\/\/www.sirenasmediterraneanacademy.com\/en\/cookies-policy\/","url":"https:\/\/www.sirenasmediterraneanacademy.com\/en\/cookies-policy\/","name":"Cookies policy - Sirenas Mediterranean Academy","isPartOf":{"@id":"https:\/\/www.sirenasmediterraneanacademy.com\/#website"},"datePublished":"2015-08-02T16:42:07+00:00","dateModified":"2015-08-27T08:15:53+00:00","breadcrumb":{"@id":"https:\/\/www.sirenasmediterraneanacademy.com\/en\/cookies-policy\/#breadcrumb"},"inLanguage":"en-US","potentialAction":[{"@type":"ReadAction","target":["https:\/\/www.sirenasmediterraneanacademy.com\/en\/cookies-policy\/"]}]},{"@type":"BreadcrumbList","@id":"https:\/\/www.sirenasmediterraneanacademy.com\/en\/cookies-policy\/#breadcrumb","itemListElement":[{"@type":"ListItem","position":1,"name":"Portada","item":"https:\/\/www.sirenasmediterraneanacademy.com\/en\/"},{"@type":"ListItem","position":2,"name":"Cookies policy"}]},{"@type":"WebSite","@id":"https:\/\/www.sirenasmediterraneanacademy.com\/#website","url":"https:\/\/www.sirenasmediterraneanacademy.com\/","name":"Sirenas Mediterranean Academy","description":"Academia de Sirenas y Tritones","publisher":{"@id":"https:\/\/www.sirenasmediterraneanacademy.com\/#organization"},"potentialAction":[{"@type":"SearchAction","target":{"@type":"EntryPoint","urlTemplate":"https:\/\/www.sirenasmediterraneanacademy.com\/?s={search_term_string}"},"query-input":"required name=search_term_string"}],"inLanguage":"en-US"},{"@type":"Organization","@id":"https:\/\/www.sirenasmediterraneanacademy.com\/#organization","name":"Sirenas Mediterranean Academy","url":"https:\/\/www.sirenasmediterraneanacademy.com\/","logo":{"@type":"ImageObject","inLanguage":"en-US","@id":"https:\/\/www.sirenasmediterraneanacademy.com\/#\/schema\/logo\/image\/","url":"https:\/\/www.sirenasmediterraneanacademy.com\/wp-content\/uploads\/2021\/01\/sirena-letras-rojo.png","contentUrl":"https:\/\/www.sirenasmediterraneanacademy.com\/wp-content\/uploads\/2021\/01\/sirena-letras-rojo.png","width":502,"height":401,"caption":"Sirenas Mediterranean Academy"},"image":{"@id":"https:\/\/www.sirenasmediterraneanacademy.com\/#\/schema\/logo\/image\/"},"sameAs":["https:\/\/www.facebook.com\/sirenas.mediterranean.academy","https:\/\/x.com\/sirenas_academy","https:\/\/www.youtube.com\/channel\/UCtgKqNb3aSddn3ckShjc5Gg"]}]}},"_links":{"self":[{"href":"https:\/\/www.sirenasmediterraneanacademy.com\/en\/wp-json\/wp\/v2\/pages\/16735"}],"collection":[{"href":"https:\/\/www.sirenasmediterraneanacademy.com\/en\/wp-json\/wp\/v2\/pages"}],"about":[{"href":"https:\/\/www.sirenasmediterraneanacademy.com\/en\/wp-json\/wp\/v2\/types\/page"}],"author":[{"embeddable":true,"href":"https:\/\/www.sirenasmediterraneanacademy.com\/en\/wp-json\/wp\/v2\/users\/1"}],"replies":[{"embeddable":true,"href":"https:\/\/www.sirenasmediterraneanacademy.com\/en\/wp-json\/wp\/v2\/comments?post=16735"}],"version-history":[{"count":1,"href":"https:\/\/www.sirenasmediterraneanacademy.com\/en\/wp-json\/wp\/v2\/pages\/16735\/revisions"}],"predecessor-version":[{"id":16926,"href":"https:\/\/www.sirenasmediterraneanacademy.com\/en\/wp-json\/wp\/v2\/pages\/16735\/revisions\/16926"}],"wp:attachment":[{"href":"https:\/\/www.sirenasmediterraneanacademy.com\/en\/wp-json\/wp\/v2\/media?parent=16735"}],"curies":[{"name":"wp","href":"https:\/\/api.w.org\/{rel}","templated":true}]}}