{"id":16736,"date":"2015-08-02T16:41:08","date_gmt":"2015-08-02T16:41:08","guid":{"rendered":"http:\/\/www.sirenasmediterraneanacademy.com\/en\/politica-de-privacidad\/"},"modified":"2020-03-18T18:03:47","modified_gmt":"2020-03-18T18:03:47","slug":"privacy-policy","status":"publish","type":"page","link":"https:\/\/www.sirenasmediterraneanacademy.com\/en\/privacy-policy\/","title":{"rendered":"Privacy Policy"},"content":{"rendered":"<p>[vc_row row_type=&#8221;row&#8221; use_row_as_full_screen_section=&#8221;no&#8221; type=&#8221;grid&#8221; angled_section=&#8221;no&#8221; text_align=&#8221;left&#8221; background_image_as_pattern=&#8221;without_pattern&#8221; css_animation=&#8221;&#8221;][vc_column][vc_column_text]<\/p>\n<p style=\"text-align: justify; text-justify: inter-ideograph;\"><b>Confidencialidad y protecci\u00f3n de datos<\/b><\/p>\n<p style=\"text-align: justify; text-justify: inter-ideograph;\">A efecto de lo previsto en la Ley Org\u00e1nica 3\/2018 5 de Diciembre, de Protecci\u00f3n de Datos de Car\u00e1cter Personal, Sirenas Mediterranean Academy\u00a0informa al usuario de la existencia de un fichero automatizado de datos de car\u00e1cter personal creado por y para Sirenas Mediterranean Academy y bajo su responsabilidad, con la finalidad de realizar el mantenimiento y gesti\u00f3n de la relaci\u00f3n con el Usuario, as\u00ed como las labores de informaci\u00f3n. En el momento de la aceptaci\u00f3n de las presentes condiciones generales, Sirenas Mediterranean Academy precisar\u00e1 del Usuario la recogida de unos datos imprescindibles para la prestaci\u00f3n de sus servicios.<\/p>\n<p style=\"text-align: justify; text-justify: inter-ideograph;\"><b>Registro de ficheros y formularios<\/b><\/p>\n<p style=\"text-align: justify; text-justify: inter-ideograph;\">De acuerdo a lo establecido en la Ley Org\u00e1nica 3\/2018 5 de Diciembre, de Protecci\u00f3n de Datos de Car\u00e1cter Personal, le informamos que los datos personales que se obtengan como consecuencia de la cumplimentaci\u00f3n de los formularios, ser\u00e1n incorporados a un fichero titularidad de Sirenas Mediterranean Academy con NIF43728006S y domicilio en C\/. Barcelona 9, 1-2, 43004 Tarragona, teniendo implementadas las medidas de seguridad establecidas en Ley de 3\/2018 5 de Diciembre.<\/p>\n<p style=\"text-align: justify; text-justify: inter-ideograph;\"><b>Exactitud y veracidad de los datos facilitados<\/b><\/p>\n<p style=\"text-align: justify; text-justify: inter-ideograph;\">El Usuario es el \u00fanico responsable de la veracidad y correcci\u00f3n de los datos incluidos, exoner\u00e1ndose Sirenas Mediterranean Academy de cualquier responsabilidad al respecto. Los usuarios garantizan y responden, en cualquier caso, de la exactitud, vigencia y autenticidad de los datos personales facilitados, y se comprometen a mantenerlos debidamente actualizados. El usuario acepta proporcionar informaci\u00f3n completa y correcta en el formulario de registro. Sirenas Mediterranean Academy no responde de la veracidad de las informaciones que no sean de elaboraci\u00f3n propia y de las que se indique otra fuente, por lo que tampoco asume responsabilidad alguna en cuanto a hipot\u00e9ticos perjuicios que pudieran originarse por el uso de dicha informaci\u00f3n. Sirenas Mediterranean Academy se reserva el derecho a actualizar, modificar o eliminar la informaci\u00f3n contenida en sus p\u00e1ginas web pudiendo incluso limitar o no permitir el acceso a dicha informaci\u00f3n. Se exonera a Sirenas Mediterranean Academy de responsabilidad ante cualquier da\u00f1o o perjuicio que pudiera sufrir el Usuario como consecuencia de errores, defectos u omisiones, en la informaci\u00f3n facilitada por Sirenas Mediterranean Academy siempre que proceda de fuentes ajenas a Sirenas Mediterranean Academy.<\/p>\n<p style=\"text-align: justify; text-justify: inter-ideograph;\"><b>Finalidades<\/b><\/p>\n<p style=\"text-align: justify; text-justify: inter-ideograph;\">Las finalidades de Sirenas Mediterranean Academy son gestionar y mantener los mismos, como medio para canalizar y responder a las consultas efectuadas, as\u00ed como para mantenerle informado, bien por correo electr\u00f3nico bien por cualquier otro medio, de novedades, productos y servicios relacionados con Sirenas Mediterranean Academy. comerciales, marcas o signos distintos de cualquier clase contenidos en las p\u00e1ginas web de la Empresa son propiedad de sus due\u00f1os y est\u00e1n protegidos por ley.<\/p>\n<p style=\"text-align: justify; text-justify: inter-ideograph;\"><b>Cesi\u00f3n de datos a terceros<\/b><\/p>\n<p style=\"text-align: justify; text-justify: inter-ideograph;\">Sirenas Mediterranean Academy no realizar\u00e1 cesi\u00f3n de datos de los usuarios a terceros. Ejercicio de derechos de acceso, rectificaci\u00f3n, cancelaci\u00f3n y oposici\u00f3n Podr\u00e1 dirigir sus comunicaciones y ejercitar los derechos de acceso, rectificaci\u00f3n, cancelaci\u00f3n y oposici\u00f3n por correo ordinario dirigido a info@sirenasmediterraneanacademy.com, Ref. LOPD. Para ejercer dichos derechos y en cumplimiento de la Instrucci\u00f3n 3\/2018 5 de Diciembre, de la Agencia de Protecci\u00f3n de Datos, es necesario que usted acredite su personalidad frente Sirenas Mediterranean Academy mediante el env\u00edo de fotocopia de Documento Nacional de Identidad o cualquier otro medio v\u00e1lido en Derecho.<\/p>\n<p style=\"text-align: justify; text-justify: inter-ideograph;\"><b>Medidas de seguridad<\/b><\/p>\n<p style=\"text-align: justify; text-justify: inter-ideograph;\">Sirenas Mediterranean Academy ha adoptado los niveles de seguridad de protecci\u00f3n de los Datos Personales legalmente requeridos, y procuran instalar aquellos otros medios y medidas t\u00e9cnicas adicionales a su alcance para evitar la p\u00e9rdida, mal uso, alteraci\u00f3n, acceso no autorizado y robo de los Datos Personales facilitados Sirenas Mediterranean Academy. Por lo que Sirenas Mediterranean Academy no ser\u00e1 responsable de posibles da\u00f1os o perjuicios que se pudieran derivar de interferencias, omisiones, interrupciones, virus inform\u00e1ticos, aver\u00edas telef\u00f3nicas o desconexiones en el funcionamiento operativo de este sistema electr\u00f3nico, motivadas por causas ajenas Sirenas Mediterranean Academy; de retrasos o bloqueos en el uso del presente sistema electr\u00f3nico causados por deficiencias o sobrecargas de l\u00edneas telef\u00f3nicas o sobrecargas en el Centro de Procesos de Datos, en el sistema de Internet o en otros sistemas electr\u00f3nicos, as\u00ed como de da\u00f1os que puedan ser causados por terceras personas mediante intromisiones ileg\u00edtimas fuera del control de Sirenas Mediterranean Academy. Ello no obstante, el Usuario debe ser consciente de que las medidas de seguridad en Internet no son inexpugnables.<\/p>\n<p style=\"text-align: justify; text-justify: inter-ideograph;\"><b>Aceptaci\u00f3n y Consentimiento<\/b><\/p>\n<p style=\"text-align: justify; text-justify: inter-ideograph;\">El Usuario declara haber sido informado de las condiciones sobre protecci\u00f3n de datos personales, aceptando y consintiendo el tratamiento automatizado de los mismos por parte de Sirenas Mediterranean Academy, en la forma y para las finalidades indicadas en la presente Pol\u00edtica de Protecci\u00f3n de Datos Personales. Ciertos servicios prestados en el Portal pueden contener condiciones particulares con previsiones espec\u00edficas en materia de protecci\u00f3n de Datos Personales.<\/p>\n<p>[\/vc_column_text][vc_empty_space][\/vc_column][\/vc_row]<\/p>\n","protected":false},"excerpt":{"rendered":"<p>[vc_row row_type=&#8221;row&#8221; use_row_as_full_screen_section=&#8221;no&#8221; type=&#8221;grid&#8221; angled_section=&#8221;no&#8221; text_align=&#8221;left&#8221; background_image_as_pattern=&#8221;without_pattern&#8221; css_animation=&#8221;&#8221;][vc_column][vc_column_text] Confidencialidad y protecci\u00f3n de datos A efecto de lo previsto en la Ley Org\u00e1nica 3\/2018 5 de Diciembre, de Protecci\u00f3n de Datos de Car\u00e1cter Personal, Sirenas Mediterranean Academy\u00a0informa al usuario de la existencia de un fichero automatizado&#8230;<\/p>\n","protected":false},"author":1,"featured_media":0,"parent":0,"menu_order":0,"comment_status":"open","ping_status":"closed","template":"full_width.php","meta":{"footnotes":""},"yoast_head":"<!-- This site is optimized with the Yoast SEO plugin v22.8 - https:\/\/yoast.com\/wordpress\/plugins\/seo\/ -->\n<title>Privacy Policy - Sirenas Mediterranean Academy<\/title>\n<meta name=\"robots\" content=\"noindex, follow\" \/>\n<meta property=\"og:locale\" content=\"en_US\" \/>\n<meta property=\"og:type\" content=\"article\" \/>\n<meta property=\"og:title\" content=\"Privacy Policy - Sirenas Mediterranean Academy\" \/>\n<meta property=\"og:description\" content=\"[vc_row row_type=&#8221;row&#8221; use_row_as_full_screen_section=&#8221;no&#8221; type=&#8221;grid&#8221; angled_section=&#8221;no&#8221; text_align=&#8221;left&#8221; background_image_as_pattern=&#8221;without_pattern&#8221; css_animation=&#8221;&#8221;][vc_column][vc_column_text] Confidencialidad y protecci\u00f3n de datos A efecto de lo previsto en la Ley Org\u00e1nica 3\/2018 5 de Diciembre, de Protecci\u00f3n de Datos de Car\u00e1cter Personal, Sirenas Mediterranean Academy\u00a0informa al usuario de la existencia de un fichero automatizado...\" \/>\n<meta property=\"og:url\" content=\"https:\/\/www.sirenasmediterraneanacademy.com\/en\/privacy-policy\/\" \/>\n<meta property=\"og:site_name\" content=\"Sirenas Mediterranean Academy\" \/>\n<meta property=\"article:publisher\" content=\"https:\/\/www.facebook.com\/sirenas.mediterranean.academy\" \/>\n<meta property=\"article:modified_time\" content=\"2020-03-18T18:03:47+00:00\" \/>\n<meta name=\"twitter:card\" content=\"summary_large_image\" \/>\n<meta name=\"twitter:site\" content=\"@sirenas_academy\" \/>\n<meta name=\"twitter:label1\" content=\"Est. reading time\" \/>\n\t<meta name=\"twitter:data1\" content=\"4 minutes\" \/>\n<script type=\"application\/ld+json\" class=\"yoast-schema-graph\">{\"@context\":\"https:\/\/schema.org\",\"@graph\":[{\"@type\":\"WebPage\",\"@id\":\"https:\/\/www.sirenasmediterraneanacademy.com\/en\/privacy-policy\/\",\"url\":\"https:\/\/www.sirenasmediterraneanacademy.com\/en\/privacy-policy\/\",\"name\":\"Privacy Policy - Sirenas Mediterranean Academy\",\"isPartOf\":{\"@id\":\"https:\/\/www.sirenasmediterraneanacademy.com\/#website\"},\"datePublished\":\"2015-08-02T16:41:08+00:00\",\"dateModified\":\"2020-03-18T18:03:47+00:00\",\"breadcrumb\":{\"@id\":\"https:\/\/www.sirenasmediterraneanacademy.com\/en\/privacy-policy\/#breadcrumb\"},\"inLanguage\":\"en-US\",\"potentialAction\":[{\"@type\":\"ReadAction\",\"target\":[\"https:\/\/www.sirenasmediterraneanacademy.com\/en\/privacy-policy\/\"]}]},{\"@type\":\"BreadcrumbList\",\"@id\":\"https:\/\/www.sirenasmediterraneanacademy.com\/en\/privacy-policy\/#breadcrumb\",\"itemListElement\":[{\"@type\":\"ListItem\",\"position\":1,\"name\":\"Portada\",\"item\":\"https:\/\/www.sirenasmediterraneanacademy.com\/en\/\"},{\"@type\":\"ListItem\",\"position\":2,\"name\":\"Privacy Policy\"}]},{\"@type\":\"WebSite\",\"@id\":\"https:\/\/www.sirenasmediterraneanacademy.com\/#website\",\"url\":\"https:\/\/www.sirenasmediterraneanacademy.com\/\",\"name\":\"Sirenas Mediterranean Academy\",\"description\":\"Academia de Sirenas y Tritones\",\"publisher\":{\"@id\":\"https:\/\/www.sirenasmediterraneanacademy.com\/#organization\"},\"potentialAction\":[{\"@type\":\"SearchAction\",\"target\":{\"@type\":\"EntryPoint\",\"urlTemplate\":\"https:\/\/www.sirenasmediterraneanacademy.com\/?s={search_term_string}\"},\"query-input\":\"required name=search_term_string\"}],\"inLanguage\":\"en-US\"},{\"@type\":\"Organization\",\"@id\":\"https:\/\/www.sirenasmediterraneanacademy.com\/#organization\",\"name\":\"Sirenas Mediterranean Academy\",\"url\":\"https:\/\/www.sirenasmediterraneanacademy.com\/\",\"logo\":{\"@type\":\"ImageObject\",\"inLanguage\":\"en-US\",\"@id\":\"https:\/\/www.sirenasmediterraneanacademy.com\/#\/schema\/logo\/image\/\",\"url\":\"https:\/\/www.sirenasmediterraneanacademy.com\/wp-content\/uploads\/2021\/01\/sirena-letras-rojo.png\",\"contentUrl\":\"https:\/\/www.sirenasmediterraneanacademy.com\/wp-content\/uploads\/2021\/01\/sirena-letras-rojo.png\",\"width\":502,\"height\":401,\"caption\":\"Sirenas Mediterranean Academy\"},\"image\":{\"@id\":\"https:\/\/www.sirenasmediterraneanacademy.com\/#\/schema\/logo\/image\/\"},\"sameAs\":[\"https:\/\/www.facebook.com\/sirenas.mediterranean.academy\",\"https:\/\/x.com\/sirenas_academy\",\"https:\/\/www.youtube.com\/channel\/UCtgKqNb3aSddn3ckShjc5Gg\"]}]}<\/script>\n<!-- \/ Yoast SEO plugin. -->","yoast_head_json":{"title":"Privacy Policy - Sirenas Mediterranean Academy","robots":{"index":"noindex","follow":"follow"},"og_locale":"en_US","og_type":"article","og_title":"Privacy Policy - Sirenas Mediterranean Academy","og_description":"[vc_row row_type=&#8221;row&#8221; use_row_as_full_screen_section=&#8221;no&#8221; type=&#8221;grid&#8221; angled_section=&#8221;no&#8221; text_align=&#8221;left&#8221; background_image_as_pattern=&#8221;without_pattern&#8221; css_animation=&#8221;&#8221;][vc_column][vc_column_text] Confidencialidad y protecci\u00f3n de datos A efecto de lo previsto en la Ley Org\u00e1nica 3\/2018 5 de Diciembre, de Protecci\u00f3n de Datos de Car\u00e1cter Personal, Sirenas Mediterranean Academy\u00a0informa al usuario de la existencia de un fichero automatizado...","og_url":"https:\/\/www.sirenasmediterraneanacademy.com\/en\/privacy-policy\/","og_site_name":"Sirenas Mediterranean Academy","article_publisher":"https:\/\/www.facebook.com\/sirenas.mediterranean.academy","article_modified_time":"2020-03-18T18:03:47+00:00","twitter_card":"summary_large_image","twitter_site":"@sirenas_academy","twitter_misc":{"Est. reading time":"4 minutes"},"schema":{"@context":"https:\/\/schema.org","@graph":[{"@type":"WebPage","@id":"https:\/\/www.sirenasmediterraneanacademy.com\/en\/privacy-policy\/","url":"https:\/\/www.sirenasmediterraneanacademy.com\/en\/privacy-policy\/","name":"Privacy Policy - Sirenas Mediterranean Academy","isPartOf":{"@id":"https:\/\/www.sirenasmediterraneanacademy.com\/#website"},"datePublished":"2015-08-02T16:41:08+00:00","dateModified":"2020-03-18T18:03:47+00:00","breadcrumb":{"@id":"https:\/\/www.sirenasmediterraneanacademy.com\/en\/privacy-policy\/#breadcrumb"},"inLanguage":"en-US","potentialAction":[{"@type":"ReadAction","target":["https:\/\/www.sirenasmediterraneanacademy.com\/en\/privacy-policy\/"]}]},{"@type":"BreadcrumbList","@id":"https:\/\/www.sirenasmediterraneanacademy.com\/en\/privacy-policy\/#breadcrumb","itemListElement":[{"@type":"ListItem","position":1,"name":"Portada","item":"https:\/\/www.sirenasmediterraneanacademy.com\/en\/"},{"@type":"ListItem","position":2,"name":"Privacy Policy"}]},{"@type":"WebSite","@id":"https:\/\/www.sirenasmediterraneanacademy.com\/#website","url":"https:\/\/www.sirenasmediterraneanacademy.com\/","name":"Sirenas Mediterranean Academy","description":"Academia de Sirenas y Tritones","publisher":{"@id":"https:\/\/www.sirenasmediterraneanacademy.com\/#organization"},"potentialAction":[{"@type":"SearchAction","target":{"@type":"EntryPoint","urlTemplate":"https:\/\/www.sirenasmediterraneanacademy.com\/?s={search_term_string}"},"query-input":"required name=search_term_string"}],"inLanguage":"en-US"},{"@type":"Organization","@id":"https:\/\/www.sirenasmediterraneanacademy.com\/#organization","name":"Sirenas Mediterranean Academy","url":"https:\/\/www.sirenasmediterraneanacademy.com\/","logo":{"@type":"ImageObject","inLanguage":"en-US","@id":"https:\/\/www.sirenasmediterraneanacademy.com\/#\/schema\/logo\/image\/","url":"https:\/\/www.sirenasmediterraneanacademy.com\/wp-content\/uploads\/2021\/01\/sirena-letras-rojo.png","contentUrl":"https:\/\/www.sirenasmediterraneanacademy.com\/wp-content\/uploads\/2021\/01\/sirena-letras-rojo.png","width":502,"height":401,"caption":"Sirenas Mediterranean Academy"},"image":{"@id":"https:\/\/www.sirenasmediterraneanacademy.com\/#\/schema\/logo\/image\/"},"sameAs":["https:\/\/www.facebook.com\/sirenas.mediterranean.academy","https:\/\/x.com\/sirenas_academy","https:\/\/www.youtube.com\/channel\/UCtgKqNb3aSddn3ckShjc5Gg"]}]}},"_links":{"self":[{"href":"https:\/\/www.sirenasmediterraneanacademy.com\/en\/wp-json\/wp\/v2\/pages\/16736"}],"collection":[{"href":"https:\/\/www.sirenasmediterraneanacademy.com\/en\/wp-json\/wp\/v2\/pages"}],"about":[{"href":"https:\/\/www.sirenasmediterraneanacademy.com\/en\/wp-json\/wp\/v2\/types\/page"}],"author":[{"embeddable":true,"href":"https:\/\/www.sirenasmediterraneanacademy.com\/en\/wp-json\/wp\/v2\/users\/1"}],"replies":[{"embeddable":true,"href":"https:\/\/www.sirenasmediterraneanacademy.com\/en\/wp-json\/wp\/v2\/comments?post=16736"}],"version-history":[{"count":2,"href":"https:\/\/www.sirenasmediterraneanacademy.com\/en\/wp-json\/wp\/v2\/pages\/16736\/revisions"}],"predecessor-version":[{"id":20735,"href":"https:\/\/www.sirenasmediterraneanacademy.com\/en\/wp-json\/wp\/v2\/pages\/16736\/revisions\/20735"}],"wp:attachment":[{"href":"https:\/\/www.sirenasmediterraneanacademy.com\/en\/wp-json\/wp\/v2\/media?parent=16736"}],"curies":[{"name":"wp","href":"https:\/\/api.w.org\/{rel}","templated":true}]}}