{"id":16769,"date":"2015-08-02T16:18:44","date_gmt":"2015-08-02T16:18:44","guid":{"rendered":"http:\/\/www.sirenasmediterraneanacademy.com\/en\/proyecto-social\/ong\/"},"modified":"2015-08-26T20:12:39","modified_gmt":"2015-08-26T20:12:39","slug":"ong","status":"publish","type":"page","link":"https:\/\/www.sirenasmediterraneanacademy.com\/en\/ong\/","title":{"rendered":"NGOs"},"content":{"rendered":"<p>[vc_row row_type=&#8221;row&#8221; type=&#8221;grid&#8221; text_align=&#8221;left&#8221; use_row_as_full_screen_section=&#8221;no&#8221; parallax_content_width=&#8221;in_grid&#8221; angled_section=&#8221;no&#8221; angled_section_position=&#8221;both&#8221; angled_section_direction=&#8221;from_left_to_right&#8221; background_image_as_pattern=&#8221;without_pattern&#8221; row_negative_margin=&#8221;&#8221;][vc_column width=&#8221;1\/1&#8243;]<div class=\"custom_font_holder\" style=\" font-size: 30px; line-height: 38px; font-style: normal; font-weight: 400; color: #00788a; text-decoration: none; padding: 0; margin: 0; text-align: center;\">For \u2018Sirenas Mediterranean Academy\u2019, education and respect for the environment is one of our values.<\/div>[\/vc_column][\/vc_row][vc_row row_type=&#8221;row&#8221; type=&#8221;grid&#8221; text_align=&#8221;left&#8221; padding_top=&#8221;60&#8243; padding_bottom=&#8221;35&#8243; use_row_as_full_screen_section=&#8221;no&#8221; parallax_content_width=&#8221;in_grid&#8221; angled_section=&#8221;no&#8221; angled_section_position=&#8221;both&#8221; angled_section_direction=&#8221;from_left_to_right&#8221; background_image_as_pattern=&#8221;without_pattern&#8221; row_negative_margin=&#8221;&#8221;][vc_column width=&#8221;1\/2&#8243;][vc_separator type=&#8221;transparent&#8221; position=&#8221;center&#8221; width_in_percentages=&#8221;&#8221; up=&#8221;10&#8243;][vc_video link=&#8221;https:\/\/www.youtube.com\/watch?v=jn6Hq1Esoig&#8221;][vc_separator type=&#8221;transparent&#8221; position=&#8221;center&#8221; width_in_percentages=&#8221;&#8221; up=&#8221;10&#8243;][vc_column_text]There is also an annual cleaning of beaches along the NGO Mare Terra Mediterr\u00e0nia Foundation.[\/vc_column_text][\/vc_column][vc_column width=&#8221;1\/2&#8243;][vc_column_text]<\/p>\n<p style=\"text-align: justify;\">For \u2018Sirenas Mediterranean Academy\u2019, education and respect for the environment is one of our values, therefore it is committed and works with different ecological and social entities, performing charitable actions, educational courses and ecological actions, and the percentage donation of our benefits to Mare Terra Mediterr\u00e0nia Foundation. We have also taken action with children with problems of social exclusion in South America. And we are preparing actions with disabled people.<\/p>\n<p style=\"text-align: justify;\">We also take action with children at risk of social exclusion in Uruguay.<\/p>\n<p>[\/vc_column_text][\/vc_column][\/vc_row]<\/p>\n","protected":false},"excerpt":{"rendered":"<p>[vc_row row_type=&#8221;row&#8221; type=&#8221;grid&#8221; text_align=&#8221;left&#8221; use_row_as_full_screen_section=&#8221;no&#8221; parallax_content_width=&#8221;in_grid&#8221; angled_section=&#8221;no&#8221; angled_section_position=&#8221;both&#8221; angled_section_direction=&#8221;from_left_to_right&#8221; background_image_as_pattern=&#8221;without_pattern&#8221; row_negative_margin=&#8221;&#8221;][vc_column width=&#8221;1\/1&#8243;][\/vc_column][\/vc_row][vc_row row_type=&#8221;row&#8221; type=&#8221;grid&#8221; text_align=&#8221;left&#8221; padding_top=&#8221;60&#8243; padding_bottom=&#8221;35&#8243; use_row_as_full_screen_section=&#8221;no&#8221; parallax_content_width=&#8221;in_grid&#8221; angled_section=&#8221;no&#8221; angled_section_position=&#8221;both&#8221; angled_section_direction=&#8221;from_left_to_right&#8221; background_image_as_pattern=&#8221;without_pattern&#8221; row_negative_margin=&#8221;&#8221;][vc_column width=&#8221;1\/2&#8243;][vc_separator type=&#8221;transparent&#8221; position=&#8221;center&#8221; width_in_percentages=&#8221;&#8221; up=&#8221;10&#8243;][vc_video link=&#8221;https:\/\/www.youtube.com\/watch?v=jn6Hq1Esoig&#8221;][vc_separator type=&#8221;transparent&#8221; position=&#8221;center&#8221; width_in_percentages=&#8221;&#8221; up=&#8221;10&#8243;][vc_column_text]There is also an annual cleaning of beaches along the NGO Mare&#8230;<\/p>\n","protected":false},"author":1,"featured_media":0,"parent":0,"menu_order":0,"comment_status":"open","ping_status":"closed","template":"full_width.php","meta":{"footnotes":""},"yoast_head":"<!-- This site is optimized with the Yoast SEO plugin v22.8 - https:\/\/yoast.com\/wordpress\/plugins\/seo\/ -->\n<title>NGOs - Sirenas Mediterranean Academy<\/title>\n<meta name=\"description\" content=\"Nuestra academia colabora con diferentes identidades ecol\u00f3gicas y sociales. Tambi\u00e9n donamos parte de nuestros beneficios a la Fundaci\u00f3n Mare Terra.\" \/>\n<meta name=\"robots\" content=\"index, follow, max-snippet:-1, max-image-preview:large, max-video-preview:-1\" \/>\n<link rel=\"canonical\" href=\"https:\/\/www.sirenasmediterraneanacademy.com\/en\/ong\/\" \/>\n<meta property=\"og:locale\" content=\"en_US\" \/>\n<meta property=\"og:type\" content=\"article\" \/>\n<meta property=\"og:title\" content=\"NGOs - Sirenas Mediterranean Academy\" \/>\n<meta property=\"og:description\" content=\"Nuestra academia colabora con diferentes identidades ecol\u00f3gicas y sociales. Tambi\u00e9n donamos parte de nuestros beneficios a la Fundaci\u00f3n Mare Terra.\" \/>\n<meta property=\"og:url\" content=\"https:\/\/www.sirenasmediterraneanacademy.com\/en\/ong\/\" \/>\n<meta property=\"og:site_name\" content=\"Sirenas Mediterranean Academy\" \/>\n<meta property=\"article:publisher\" content=\"https:\/\/www.facebook.com\/sirenas.mediterranean.academy\" \/>\n<meta property=\"article:modified_time\" content=\"2015-08-26T20:12:39+00:00\" \/>\n<meta name=\"twitter:card\" content=\"summary_large_image\" \/>\n<meta name=\"twitter:site\" content=\"@sirenas_academy\" \/>\n<meta name=\"twitter:label1\" content=\"Est. reading time\" \/>\n\t<meta name=\"twitter:data1\" content=\"1 minute\" \/>\n<script type=\"application\/ld+json\" class=\"yoast-schema-graph\">{\"@context\":\"https:\/\/schema.org\",\"@graph\":[{\"@type\":\"WebPage\",\"@id\":\"https:\/\/www.sirenasmediterraneanacademy.com\/en\/ong\/\",\"url\":\"https:\/\/www.sirenasmediterraneanacademy.com\/en\/ong\/\",\"name\":\"NGOs - Sirenas Mediterranean Academy\",\"isPartOf\":{\"@id\":\"https:\/\/www.sirenasmediterraneanacademy.com\/#website\"},\"datePublished\":\"2015-08-02T16:18:44+00:00\",\"dateModified\":\"2015-08-26T20:12:39+00:00\",\"description\":\"Nuestra academia colabora con diferentes identidades ecol\u00f3gicas y sociales. Tambi\u00e9n donamos parte de nuestros beneficios a la Fundaci\u00f3n Mare Terra.\",\"breadcrumb\":{\"@id\":\"https:\/\/www.sirenasmediterraneanacademy.com\/en\/ong\/#breadcrumb\"},\"inLanguage\":\"en-US\",\"potentialAction\":[{\"@type\":\"ReadAction\",\"target\":[\"https:\/\/www.sirenasmediterraneanacademy.com\/en\/ong\/\"]}]},{\"@type\":\"BreadcrumbList\",\"@id\":\"https:\/\/www.sirenasmediterraneanacademy.com\/en\/ong\/#breadcrumb\",\"itemListElement\":[{\"@type\":\"ListItem\",\"position\":1,\"name\":\"Portada\",\"item\":\"https:\/\/www.sirenasmediterraneanacademy.com\/en\/\"},{\"@type\":\"ListItem\",\"position\":2,\"name\":\"NGOs\"}]},{\"@type\":\"WebSite\",\"@id\":\"https:\/\/www.sirenasmediterraneanacademy.com\/#website\",\"url\":\"https:\/\/www.sirenasmediterraneanacademy.com\/\",\"name\":\"Sirenas Mediterranean Academy\",\"description\":\"Academia de Sirenas y Tritones\",\"publisher\":{\"@id\":\"https:\/\/www.sirenasmediterraneanacademy.com\/#organization\"},\"potentialAction\":[{\"@type\":\"SearchAction\",\"target\":{\"@type\":\"EntryPoint\",\"urlTemplate\":\"https:\/\/www.sirenasmediterraneanacademy.com\/?s={search_term_string}\"},\"query-input\":\"required name=search_term_string\"}],\"inLanguage\":\"en-US\"},{\"@type\":\"Organization\",\"@id\":\"https:\/\/www.sirenasmediterraneanacademy.com\/#organization\",\"name\":\"Sirenas Mediterranean Academy\",\"url\":\"https:\/\/www.sirenasmediterraneanacademy.com\/\",\"logo\":{\"@type\":\"ImageObject\",\"inLanguage\":\"en-US\",\"@id\":\"https:\/\/www.sirenasmediterraneanacademy.com\/#\/schema\/logo\/image\/\",\"url\":\"https:\/\/www.sirenasmediterraneanacademy.com\/wp-content\/uploads\/2021\/01\/sirena-letras-rojo.png\",\"contentUrl\":\"https:\/\/www.sirenasmediterraneanacademy.com\/wp-content\/uploads\/2021\/01\/sirena-letras-rojo.png\",\"width\":502,\"height\":401,\"caption\":\"Sirenas Mediterranean Academy\"},\"image\":{\"@id\":\"https:\/\/www.sirenasmediterraneanacademy.com\/#\/schema\/logo\/image\/\"},\"sameAs\":[\"https:\/\/www.facebook.com\/sirenas.mediterranean.academy\",\"https:\/\/x.com\/sirenas_academy\",\"https:\/\/www.youtube.com\/channel\/UCtgKqNb3aSddn3ckShjc5Gg\"]}]}<\/script>\n<!-- \/ Yoast SEO plugin. -->","yoast_head_json":{"title":"NGOs - Sirenas Mediterranean Academy","description":"Nuestra academia colabora con diferentes identidades ecol\u00f3gicas y sociales. Tambi\u00e9n donamos parte de nuestros beneficios a la Fundaci\u00f3n Mare Terra.","robots":{"index":"index","follow":"follow","max-snippet":"max-snippet:-1","max-image-preview":"max-image-preview:large","max-video-preview":"max-video-preview:-1"},"canonical":"https:\/\/www.sirenasmediterraneanacademy.com\/en\/ong\/","og_locale":"en_US","og_type":"article","og_title":"NGOs - Sirenas Mediterranean Academy","og_description":"Nuestra academia colabora con diferentes identidades ecol\u00f3gicas y sociales. Tambi\u00e9n donamos parte de nuestros beneficios a la Fundaci\u00f3n Mare Terra.","og_url":"https:\/\/www.sirenasmediterraneanacademy.com\/en\/ong\/","og_site_name":"Sirenas Mediterranean Academy","article_publisher":"https:\/\/www.facebook.com\/sirenas.mediterranean.academy","article_modified_time":"2015-08-26T20:12:39+00:00","twitter_card":"summary_large_image","twitter_site":"@sirenas_academy","twitter_misc":{"Est. reading time":"1 minute"},"schema":{"@context":"https:\/\/schema.org","@graph":[{"@type":"WebPage","@id":"https:\/\/www.sirenasmediterraneanacademy.com\/en\/ong\/","url":"https:\/\/www.sirenasmediterraneanacademy.com\/en\/ong\/","name":"NGOs - Sirenas Mediterranean Academy","isPartOf":{"@id":"https:\/\/www.sirenasmediterraneanacademy.com\/#website"},"datePublished":"2015-08-02T16:18:44+00:00","dateModified":"2015-08-26T20:12:39+00:00","description":"Nuestra academia colabora con diferentes identidades ecol\u00f3gicas y sociales. Tambi\u00e9n donamos parte de nuestros beneficios a la Fundaci\u00f3n Mare Terra.","breadcrumb":{"@id":"https:\/\/www.sirenasmediterraneanacademy.com\/en\/ong\/#breadcrumb"},"inLanguage":"en-US","potentialAction":[{"@type":"ReadAction","target":["https:\/\/www.sirenasmediterraneanacademy.com\/en\/ong\/"]}]},{"@type":"BreadcrumbList","@id":"https:\/\/www.sirenasmediterraneanacademy.com\/en\/ong\/#breadcrumb","itemListElement":[{"@type":"ListItem","position":1,"name":"Portada","item":"https:\/\/www.sirenasmediterraneanacademy.com\/en\/"},{"@type":"ListItem","position":2,"name":"NGOs"}]},{"@type":"WebSite","@id":"https:\/\/www.sirenasmediterraneanacademy.com\/#website","url":"https:\/\/www.sirenasmediterraneanacademy.com\/","name":"Sirenas Mediterranean Academy","description":"Academia de Sirenas y Tritones","publisher":{"@id":"https:\/\/www.sirenasmediterraneanacademy.com\/#organization"},"potentialAction":[{"@type":"SearchAction","target":{"@type":"EntryPoint","urlTemplate":"https:\/\/www.sirenasmediterraneanacademy.com\/?s={search_term_string}"},"query-input":"required name=search_term_string"}],"inLanguage":"en-US"},{"@type":"Organization","@id":"https:\/\/www.sirenasmediterraneanacademy.com\/#organization","name":"Sirenas Mediterranean Academy","url":"https:\/\/www.sirenasmediterraneanacademy.com\/","logo":{"@type":"ImageObject","inLanguage":"en-US","@id":"https:\/\/www.sirenasmediterraneanacademy.com\/#\/schema\/logo\/image\/","url":"https:\/\/www.sirenasmediterraneanacademy.com\/wp-content\/uploads\/2021\/01\/sirena-letras-rojo.png","contentUrl":"https:\/\/www.sirenasmediterraneanacademy.com\/wp-content\/uploads\/2021\/01\/sirena-letras-rojo.png","width":502,"height":401,"caption":"Sirenas Mediterranean Academy"},"image":{"@id":"https:\/\/www.sirenasmediterraneanacademy.com\/#\/schema\/logo\/image\/"},"sameAs":["https:\/\/www.facebook.com\/sirenas.mediterranean.academy","https:\/\/x.com\/sirenas_academy","https:\/\/www.youtube.com\/channel\/UCtgKqNb3aSddn3ckShjc5Gg"]}]}},"_links":{"self":[{"href":"https:\/\/www.sirenasmediterraneanacademy.com\/en\/wp-json\/wp\/v2\/pages\/16769"}],"collection":[{"href":"https:\/\/www.sirenasmediterraneanacademy.com\/en\/wp-json\/wp\/v2\/pages"}],"about":[{"href":"https:\/\/www.sirenasmediterraneanacademy.com\/en\/wp-json\/wp\/v2\/types\/page"}],"author":[{"embeddable":true,"href":"https:\/\/www.sirenasmediterraneanacademy.com\/en\/wp-json\/wp\/v2\/users\/1"}],"replies":[{"embeddable":true,"href":"https:\/\/www.sirenasmediterraneanacademy.com\/en\/wp-json\/wp\/v2\/comments?post=16769"}],"version-history":[{"count":2,"href":"https:\/\/www.sirenasmediterraneanacademy.com\/en\/wp-json\/wp\/v2\/pages\/16769\/revisions"}],"predecessor-version":[{"id":16896,"href":"https:\/\/www.sirenasmediterraneanacademy.com\/en\/wp-json\/wp\/v2\/pages\/16769\/revisions\/16896"}],"wp:attachment":[{"href":"https:\/\/www.sirenasmediterraneanacademy.com\/en\/wp-json\/wp\/v2\/media?parent=16769"}],"curies":[{"name":"wp","href":"https:\/\/api.w.org\/{rel}","templated":true}]}}