{"id":16788,"date":"2015-07-01T16:15:27","date_gmt":"2015-07-01T16:15:27","guid":{"rendered":"http:\/\/www.sirenasmediterraneanacademy.com\/en\/foto-sesion\/"},"modified":"2019-04-23T10:57:50","modified_gmt":"2019-04-23T10:57:50","slug":"photo-session","status":"publish","type":"page","link":"https:\/\/www.sirenasmediterraneanacademy.com\/en\/photo-session\/","title":{"rendered":"Photo-Session Mermaid"},"content":{"rendered":"<p>[vc_row row_type=&#8221;row&#8221; use_row_as_full_screen_section=&#8221;no&#8221; type=&#8221;grid&#8221; angled_section=&#8221;no&#8221; text_align=&#8221;left&#8221; background_image_as_pattern=&#8221;without_pattern&#8221; css_animation=&#8221;&#8221;][vc_column]<div class=\"custom_font_holder\" style=\" font-size: 30px; line-height: 38px; font-style: normal; font-weight: 400; color: #00788a; text-decoration: none; letter-spacing: 1px; text-align: center;\"><\/p>\n<p>An unforgettable memory<\/p>\n<p><\/div>[\/vc_column][\/vc_row][vc_row row_type=&#8221;row&#8221; use_row_as_full_screen_section=&#8221;no&#8221; type=&#8221;grid&#8221; angled_section=&#8221;no&#8221; text_align=&#8221;left&#8221; background_image_as_pattern=&#8221;without_pattern&#8221; padding_top=&#8221;60&#8243; padding_bottom=&#8221;20&#8243; css_animation=&#8221;&#8221;][vc_column width=&#8221;1\/2&#8243;][vc_single_image image=&#8221;20106&#8243; img_size=&#8221;350&#215;350&#8243; alignment=&#8221;center&#8221; style=&#8221;vc_box_circle&#8221; qode_css_animation=&#8221;&#8221;][vc_separator type=&#8221;normal&#8221; up=&#8221;20&#8243; down=&#8221;20&#8243;][vc_column_text]<\/p>\n<h3>Do you want to feel like a Mermaid Top Model? Do you want to succeed with some spectacular mermaid photos? This is your mermaid option!<\/h3>\n<p>In the Photo Sirena Session we offer you two options: The first of them, photography in a beautiful Mediterranean beach, without having a swim in the sea. The second and more complete we will make some underwater professional photos, so you can enjoy some unique mermaid photos.[\/vc_column_text][\/vc_column][vc_column width=&#8221;1\/2&#8243;]<div class=\"custom_font_holder\" style=\" font-size: 20px; line-height: 22px; font-style: normal; font-weight: 400; color: #00788a; text-decoration: none; letter-spacing: 0px; text-align: left;\"><\/p>\n<h2>Mermaid Photo-Session<\/h2>\n<p><\/div>[vc_column_text]Enjoy a photo session becoming a unique, mythological and captivating model. Make your dream come true and become a Mermaid or Triton and keep this unforgettable moment.<\/p>\n<ul>\n<li>Welcome to the experience Mermaid Foto Session<\/li>\n<li>Assignment of a professional photographer.<\/li>\n<li>Trip to the Costa Dorada Mediterranean beach.<\/li>\n<li>We provide the mermaids or triton clothing and the explanation of its use and conservation.<\/li>\n<li>We provide jewellery and atrezzo.<\/li>\n<li>Mermaids modelling advice.<\/li>\n<li>Handing out of 10 edited photos and USB with all digital material.<\/li>\n<\/ul>\n<p><a href=\"https:\/\/www.tripadvisor.com\/Attraction_Review-g187503-d7767177-Reviews-Sirenas_Mediterranean_Academy-Tarragona_Costa_Dorada_Province_of_Tarragona_Catalo.html\" target=\"_blank\">See Reviews on Trip Advisor.<\/a>[\/vc_column_text][vc_separator type=&#8221;normal&#8221; up=&#8221;20&#8243; down=&#8221;20&#8243;]<div class=\"custom_font_holder\" style=\" font-size: 18px; line-height: 22px; font-style: normal; font-weight: 400; color: #00788a; text-decoration: none; letter-spacing: 1px; text-align: left;\">Price\u00a0I: 189 euros<br \/>\nPrice\u00a0II: 289 euros underwater photos<br \/>\nDuration: 120 minutes. Approx.<\/div>[vc_separator type=&#8221;normal&#8221; up=&#8221;20&#8243; down=&#8221;20&#8243;][\/vc_column][\/vc_row][vc_row row_type=&#8221;row&#8221; use_row_as_full_screen_section=&#8221;no&#8221; type=&#8221;full_width&#8221; angled_section=&#8221;no&#8221; text_align=&#8221;center&#8221; background_image_as_pattern=&#8221;without_pattern&#8221; padding_top=&#8221;20&#8243; padding_bottom=&#8221;80&#8243; css_animation=&#8221;&#8221;][vc_column]<a  href=\"https:\/\/www.sirenasmediterraneanacademy.com\/en\/contact\/\" target=\"_self\"  class=\"qbutton  medium\" style=\"\">Request information<\/a>[\/vc_column][\/vc_row][vc_row row_type=&#8221;row&#8221; use_row_as_full_screen_section=&#8221;no&#8221; type=&#8221;full_width&#8221; angled_section=&#8221;no&#8221; text_align=&#8221;left&#8221; background_image_as_pattern=&#8221;without_pattern&#8221; css_animation=&#8221;&#8221;][vc_column][vc_column_text]<\/p>\n<h2 style=\"text-align: center;\"><a href=\"http:\/\/www.sirenasmediterraneanacademy.com\/cursos-sirenas\/\">For more mermaid experiences click here<\/a><\/h2>\n<p>[\/vc_column_text][vc_separator type=&#8221;normal&#8221; up=&#8221;20&#8243; down=&#8221;20&#8243;][\/vc_column][\/vc_row][vc_row row_type=&#8221;row&#8221; use_row_as_full_screen_section=&#8221;no&#8221; type=&#8221;full_width&#8221; angled_section=&#8221;no&#8221; text_align=&#8221;left&#8221; background_image_as_pattern=&#8221;without_pattern&#8221; css_animation=&#8221;&#8221;][vc_column][\/vc_column][\/vc_row]<\/p>\n","protected":false},"excerpt":{"rendered":"<p>[vc_row row_type=&#8221;row&#8221; use_row_as_full_screen_section=&#8221;no&#8221; type=&#8221;grid&#8221; angled_section=&#8221;no&#8221; text_align=&#8221;left&#8221; background_image_as_pattern=&#8221;without_pattern&#8221; css_animation=&#8221;&#8221;][vc_column][\/vc_column][\/vc_row][vc_row row_type=&#8221;row&#8221; use_row_as_full_screen_section=&#8221;no&#8221; type=&#8221;grid&#8221; angled_section=&#8221;no&#8221; text_align=&#8221;left&#8221; background_image_as_pattern=&#8221;without_pattern&#8221; padding_top=&#8221;60&#8243; padding_bottom=&#8221;20&#8243; css_animation=&#8221;&#8221;][vc_column width=&#8221;1\/2&#8243;][vc_single_image image=&#8221;20106&#8243; img_size=&#8221;350&#215;350&#8243; alignment=&#8221;center&#8221; style=&#8221;vc_box_circle&#8221; qode_css_animation=&#8221;&#8221;][vc_separator type=&#8221;normal&#8221; up=&#8221;20&#8243; down=&#8221;20&#8243;][vc_column_text] Do you want to feel like a Mermaid Top Model? Do you want to succeed with some spectacular mermaid&#8230;<\/p>\n","protected":false},"author":1,"featured_media":0,"parent":0,"menu_order":0,"comment_status":"open","ping_status":"closed","template":"full_width.php","meta":{"footnotes":""},"yoast_head":"<!-- This site is optimized with the Yoast SEO plugin v22.8 - https:\/\/yoast.com\/wordpress\/plugins\/seo\/ -->\n<title>Photo-Session Mermaid - Sirenas Mediterranean Academy<\/title>\n<meta name=\"description\" content=\"Una foto sesi\u00f3n de tu experiencia en Sirenas Mediterranean Academy. Haz tu sue\u00f1o realidad, convi\u00e9rtete en Sirena o Trit\u00f3n y guarda este momento inolvidable!\" \/>\n<meta name=\"robots\" content=\"index, follow, max-snippet:-1, max-image-preview:large, max-video-preview:-1\" \/>\n<link rel=\"canonical\" href=\"https:\/\/www.sirenasmediterraneanacademy.com\/en\/photo-session\/\" \/>\n<meta property=\"og:locale\" content=\"en_US\" \/>\n<meta property=\"og:type\" content=\"article\" \/>\n<meta property=\"og:title\" content=\"Photo-Session Mermaid - Sirenas Mediterranean Academy\" \/>\n<meta property=\"og:description\" content=\"Una foto sesi\u00f3n de tu experiencia en Sirenas Mediterranean Academy. Haz tu sue\u00f1o realidad, convi\u00e9rtete en Sirena o Trit\u00f3n y guarda este momento inolvidable!\" \/>\n<meta property=\"og:url\" content=\"https:\/\/www.sirenasmediterraneanacademy.com\/en\/photo-session\/\" \/>\n<meta property=\"og:site_name\" content=\"Sirenas Mediterranean Academy\" \/>\n<meta property=\"article:publisher\" content=\"https:\/\/www.facebook.com\/sirenas.mediterranean.academy\" \/>\n<meta property=\"article:modified_time\" content=\"2019-04-23T10:57:50+00:00\" \/>\n<meta name=\"twitter:card\" content=\"summary_large_image\" \/>\n<meta name=\"twitter:site\" content=\"@sirenas_academy\" \/>\n<meta name=\"twitter:label1\" content=\"Est. reading time\" \/>\n\t<meta name=\"twitter:data1\" content=\"3 minutes\" \/>\n<script type=\"application\/ld+json\" class=\"yoast-schema-graph\">{\"@context\":\"https:\/\/schema.org\",\"@graph\":[{\"@type\":\"WebPage\",\"@id\":\"https:\/\/www.sirenasmediterraneanacademy.com\/en\/photo-session\/\",\"url\":\"https:\/\/www.sirenasmediterraneanacademy.com\/en\/photo-session\/\",\"name\":\"Photo-Session Mermaid - Sirenas Mediterranean Academy\",\"isPartOf\":{\"@id\":\"https:\/\/www.sirenasmediterraneanacademy.com\/#website\"},\"datePublished\":\"2015-07-01T16:15:27+00:00\",\"dateModified\":\"2019-04-23T10:57:50+00:00\",\"description\":\"Una foto sesi\u00f3n de tu experiencia en Sirenas Mediterranean Academy. Haz tu sue\u00f1o realidad, convi\u00e9rtete en Sirena o Trit\u00f3n y guarda este momento inolvidable!\",\"breadcrumb\":{\"@id\":\"https:\/\/www.sirenasmediterraneanacademy.com\/en\/photo-session\/#breadcrumb\"},\"inLanguage\":\"en-US\",\"potentialAction\":[{\"@type\":\"ReadAction\",\"target\":[\"https:\/\/www.sirenasmediterraneanacademy.com\/en\/photo-session\/\"]}]},{\"@type\":\"BreadcrumbList\",\"@id\":\"https:\/\/www.sirenasmediterraneanacademy.com\/en\/photo-session\/#breadcrumb\",\"itemListElement\":[{\"@type\":\"ListItem\",\"position\":1,\"name\":\"Portada\",\"item\":\"https:\/\/www.sirenasmediterraneanacademy.com\/en\/\"},{\"@type\":\"ListItem\",\"position\":2,\"name\":\"Photo-Session Mermaid\"}]},{\"@type\":\"WebSite\",\"@id\":\"https:\/\/www.sirenasmediterraneanacademy.com\/#website\",\"url\":\"https:\/\/www.sirenasmediterraneanacademy.com\/\",\"name\":\"Sirenas Mediterranean Academy\",\"description\":\"Academia de Sirenas y Tritones\",\"publisher\":{\"@id\":\"https:\/\/www.sirenasmediterraneanacademy.com\/#organization\"},\"potentialAction\":[{\"@type\":\"SearchAction\",\"target\":{\"@type\":\"EntryPoint\",\"urlTemplate\":\"https:\/\/www.sirenasmediterraneanacademy.com\/?s={search_term_string}\"},\"query-input\":\"required name=search_term_string\"}],\"inLanguage\":\"en-US\"},{\"@type\":\"Organization\",\"@id\":\"https:\/\/www.sirenasmediterraneanacademy.com\/#organization\",\"name\":\"Sirenas Mediterranean Academy\",\"url\":\"https:\/\/www.sirenasmediterraneanacademy.com\/\",\"logo\":{\"@type\":\"ImageObject\",\"inLanguage\":\"en-US\",\"@id\":\"https:\/\/www.sirenasmediterraneanacademy.com\/#\/schema\/logo\/image\/\",\"url\":\"https:\/\/www.sirenasmediterraneanacademy.com\/wp-content\/uploads\/2021\/01\/sirena-letras-rojo.png\",\"contentUrl\":\"https:\/\/www.sirenasmediterraneanacademy.com\/wp-content\/uploads\/2021\/01\/sirena-letras-rojo.png\",\"width\":502,\"height\":401,\"caption\":\"Sirenas Mediterranean Academy\"},\"image\":{\"@id\":\"https:\/\/www.sirenasmediterraneanacademy.com\/#\/schema\/logo\/image\/\"},\"sameAs\":[\"https:\/\/www.facebook.com\/sirenas.mediterranean.academy\",\"https:\/\/x.com\/sirenas_academy\",\"https:\/\/www.youtube.com\/channel\/UCtgKqNb3aSddn3ckShjc5Gg\"]}]}<\/script>\n<!-- \/ Yoast SEO plugin. -->","yoast_head_json":{"title":"Photo-Session Mermaid - Sirenas Mediterranean Academy","description":"Una foto sesi\u00f3n de tu experiencia en Sirenas Mediterranean Academy. Haz tu sue\u00f1o realidad, convi\u00e9rtete en Sirena o Trit\u00f3n y guarda este momento inolvidable!","robots":{"index":"index","follow":"follow","max-snippet":"max-snippet:-1","max-image-preview":"max-image-preview:large","max-video-preview":"max-video-preview:-1"},"canonical":"https:\/\/www.sirenasmediterraneanacademy.com\/en\/photo-session\/","og_locale":"en_US","og_type":"article","og_title":"Photo-Session Mermaid - Sirenas Mediterranean Academy","og_description":"Una foto sesi\u00f3n de tu experiencia en Sirenas Mediterranean Academy. Haz tu sue\u00f1o realidad, convi\u00e9rtete en Sirena o Trit\u00f3n y guarda este momento inolvidable!","og_url":"https:\/\/www.sirenasmediterraneanacademy.com\/en\/photo-session\/","og_site_name":"Sirenas Mediterranean Academy","article_publisher":"https:\/\/www.facebook.com\/sirenas.mediterranean.academy","article_modified_time":"2019-04-23T10:57:50+00:00","twitter_card":"summary_large_image","twitter_site":"@sirenas_academy","twitter_misc":{"Est. reading time":"3 minutes"},"schema":{"@context":"https:\/\/schema.org","@graph":[{"@type":"WebPage","@id":"https:\/\/www.sirenasmediterraneanacademy.com\/en\/photo-session\/","url":"https:\/\/www.sirenasmediterraneanacademy.com\/en\/photo-session\/","name":"Photo-Session Mermaid - Sirenas Mediterranean Academy","isPartOf":{"@id":"https:\/\/www.sirenasmediterraneanacademy.com\/#website"},"datePublished":"2015-07-01T16:15:27+00:00","dateModified":"2019-04-23T10:57:50+00:00","description":"Una foto sesi\u00f3n de tu experiencia en Sirenas Mediterranean Academy. Haz tu sue\u00f1o realidad, convi\u00e9rtete en Sirena o Trit\u00f3n y guarda este momento inolvidable!","breadcrumb":{"@id":"https:\/\/www.sirenasmediterraneanacademy.com\/en\/photo-session\/#breadcrumb"},"inLanguage":"en-US","potentialAction":[{"@type":"ReadAction","target":["https:\/\/www.sirenasmediterraneanacademy.com\/en\/photo-session\/"]}]},{"@type":"BreadcrumbList","@id":"https:\/\/www.sirenasmediterraneanacademy.com\/en\/photo-session\/#breadcrumb","itemListElement":[{"@type":"ListItem","position":1,"name":"Portada","item":"https:\/\/www.sirenasmediterraneanacademy.com\/en\/"},{"@type":"ListItem","position":2,"name":"Photo-Session Mermaid"}]},{"@type":"WebSite","@id":"https:\/\/www.sirenasmediterraneanacademy.com\/#website","url":"https:\/\/www.sirenasmediterraneanacademy.com\/","name":"Sirenas Mediterranean Academy","description":"Academia de Sirenas y Tritones","publisher":{"@id":"https:\/\/www.sirenasmediterraneanacademy.com\/#organization"},"potentialAction":[{"@type":"SearchAction","target":{"@type":"EntryPoint","urlTemplate":"https:\/\/www.sirenasmediterraneanacademy.com\/?s={search_term_string}"},"query-input":"required name=search_term_string"}],"inLanguage":"en-US"},{"@type":"Organization","@id":"https:\/\/www.sirenasmediterraneanacademy.com\/#organization","name":"Sirenas Mediterranean Academy","url":"https:\/\/www.sirenasmediterraneanacademy.com\/","logo":{"@type":"ImageObject","inLanguage":"en-US","@id":"https:\/\/www.sirenasmediterraneanacademy.com\/#\/schema\/logo\/image\/","url":"https:\/\/www.sirenasmediterraneanacademy.com\/wp-content\/uploads\/2021\/01\/sirena-letras-rojo.png","contentUrl":"https:\/\/www.sirenasmediterraneanacademy.com\/wp-content\/uploads\/2021\/01\/sirena-letras-rojo.png","width":502,"height":401,"caption":"Sirenas Mediterranean Academy"},"image":{"@id":"https:\/\/www.sirenasmediterraneanacademy.com\/#\/schema\/logo\/image\/"},"sameAs":["https:\/\/www.facebook.com\/sirenas.mediterranean.academy","https:\/\/x.com\/sirenas_academy","https:\/\/www.youtube.com\/channel\/UCtgKqNb3aSddn3ckShjc5Gg"]}]}},"_links":{"self":[{"href":"https:\/\/www.sirenasmediterraneanacademy.com\/en\/wp-json\/wp\/v2\/pages\/16788"}],"collection":[{"href":"https:\/\/www.sirenasmediterraneanacademy.com\/en\/wp-json\/wp\/v2\/pages"}],"about":[{"href":"https:\/\/www.sirenasmediterraneanacademy.com\/en\/wp-json\/wp\/v2\/types\/page"}],"author":[{"embeddable":true,"href":"https:\/\/www.sirenasmediterraneanacademy.com\/en\/wp-json\/wp\/v2\/users\/1"}],"replies":[{"embeddable":true,"href":"https:\/\/www.sirenasmediterraneanacademy.com\/en\/wp-json\/wp\/v2\/comments?post=16788"}],"version-history":[{"count":8,"href":"https:\/\/www.sirenasmediterraneanacademy.com\/en\/wp-json\/wp\/v2\/pages\/16788\/revisions"}],"predecessor-version":[{"id":16903,"href":"https:\/\/www.sirenasmediterraneanacademy.com\/en\/wp-json\/wp\/v2\/pages\/16788\/revisions\/16903"}],"wp:attachment":[{"href":"https:\/\/www.sirenasmediterraneanacademy.com\/en\/wp-json\/wp\/v2\/media?parent=16788"}],"curies":[{"name":"wp","href":"https:\/\/api.w.org\/{rel}","templated":true}]}}