{"id":17588,"date":"2015-12-13T18:15:11","date_gmt":"2015-12-13T18:15:11","guid":{"rendered":"http:\/\/www.sirenasmediterraneanacademy.com\/en\/producto\/experiencia-traje-de-sirena\/"},"modified":"2019-07-30T18:11:41","modified_gmt":"2019-07-30T18:11:41","slug":"experiencia-cola-sirena","status":"publish","type":"product","link":"https:\/\/www.sirenasmediterraneanacademy.com\/en\/producto\/experiencia-cola-sirena\/","title":{"rendered":"Experiencia Sirenas + Cola de Sirena"},"content":{"rendered":"<p>Convi\u00e9rtete en Sirena y Trit\u00f3n. Aprende en nuestra Academia y disfruta con nuestro traje sirena. A un precio especial para ti.<\/p>\n<p>En el <a href=\"https:\/\/www.sirenasmediterraneanacademy.com\/en\/mermaid-baptism\/\">Bautizo Sirena \/ Trit\u00f3n<\/a> te sumergiras en un mundo m\u00e1gico. D\u00f3nde aprender\u00e1s de una manera divertida los movimientos b\u00e1sicos de nataci\u00f3n Sirena\/ Trit\u00f3n, el origen de las Sirenas y Tritones, y respeto al medio ambiente. .<\/p>\n<p>Despu\u00e9s con todo lo aprendido podr\u00e1s disfrutar y sacar el m\u00e1ximo de lo aprendido en nuestra Academia de Sirenas con tu traje de Sirena o Trit\u00f3n Mediterranean, inspirado en los colores del mar y nuestro deseo de descubrirlo.\u00a0Tambi\u00e9n aprender\u00e1s c\u00f3mo conservar y utilizar tu traje de Sirena. Y c\u00f3mo sacarle el m\u00e1ximo provecho a la cola de sirena<\/p>\n<p>Aprende a nadar y sobre las sirenas en nuestra Experiencia &#8221; Bautizo Sirena o Trit\u00f3n&#8221; y llevate tu cola de sirena para casa para que disfrutes de todo lo aprendido con tu cola de sirena o trit\u00f3n.<\/p>\n<p>Nuestros trajes han sido dise\u00f1ados bas\u00e1ndonos en nuestra experiencia c\u00f3mo la primera academia de Sirenas del Mediterr\u00e1neo. Utilizando materiales t\u00e9cnicos, resistentes, flexibles y ligeros, pensados para este deporte y adecuados a los medios en que se pr\u00e1ctica, como aguas cloradas o salinas.<\/p>\n<p>Un regalo a tu medida y completo, con un descuento especial para ti. Consiguiendo as\u00ed que el usuario viva plenamente la experiencia de ser una Sirena o un Trit\u00f3n.<\/p>\n","protected":false},"excerpt":{"rendered":"<p>Convi\u00e9rtete en Sirena y Trit\u00f3n. Aprende en nuestra Academia y disfruta con nuestra cola de sirena. A un precio especial para ti.<\/p>\n","protected":false},"featured_media":17554,"comment_status":"closed","ping_status":"closed","template":"","meta":[],"product_cat":[561],"product_tag":[271,272,273,274,275,276,277],"yoast_head":"<!-- This site is optimized with the Yoast SEO plugin v22.8 - https:\/\/yoast.com\/wordpress\/plugins\/seo\/ -->\n<title>Experiencia Sirena + Cola de sirena - Sirenas Mediterranean Academy<\/title>\n<meta name=\"description\" content=\"Convi\u00e9rtete en Sirena y Trit\u00f3n. Aprende a nadar en nuestra Academia y disfruta con nuestra cola de sirena. Pack completo: Experiencia sirena + cola sirena\" \/>\n<meta name=\"robots\" content=\"index, follow, max-snippet:-1, max-image-preview:large, max-video-preview:-1\" \/>\n<link rel=\"canonical\" href=\"https:\/\/www.sirenasmediterraneanacademy.com\/en\/producto\/experiencia-cola-sirena\/\" \/>\n<meta property=\"og:locale\" content=\"en_US\" \/>\n<meta property=\"og:type\" content=\"article\" \/>\n<meta property=\"og:title\" content=\"Experiencia Sirena + Cola de sirena - Sirenas Mediterranean Academy\" \/>\n<meta property=\"og:description\" content=\"Convi\u00e9rtete en Sirena y Trit\u00f3n. Aprende a nadar en nuestra Academia y disfruta con nuestra cola de sirena. Pack completo: Experiencia sirena + cola sirena\" \/>\n<meta property=\"og:url\" content=\"https:\/\/www.sirenasmediterraneanacademy.com\/en\/producto\/experiencia-cola-sirena\/\" \/>\n<meta property=\"og:site_name\" content=\"Sirenas Mediterranean Academy\" \/>\n<meta property=\"article:publisher\" content=\"https:\/\/www.facebook.com\/sirenas.mediterranean.academy\" \/>\n<meta property=\"article:modified_time\" content=\"2019-07-30T18:11:41+00:00\" \/>\n<meta property=\"og:image\" content=\"https:\/\/www.sirenasmediterraneanacademy.com\/wp-content\/uploads\/2015\/12\/Cola-Sirena-Experiencia.jpg\" \/>\n\t<meta property=\"og:image:width\" content=\"1024\" \/>\n\t<meta property=\"og:image:height\" content=\"1024\" \/>\n\t<meta property=\"og:image:type\" content=\"image\/jpeg\" \/>\n<meta name=\"twitter:card\" content=\"summary_large_image\" \/>\n<meta name=\"twitter:site\" content=\"@sirenas_academy\" \/>\n<meta name=\"twitter:label1\" content=\"Est. reading time\" \/>\n\t<meta name=\"twitter:data1\" content=\"1 minute\" \/>\n<script type=\"application\/ld+json\" class=\"yoast-schema-graph\">{\"@context\":\"https:\/\/schema.org\",\"@graph\":[{\"@type\":\"WebPage\",\"@id\":\"https:\/\/www.sirenasmediterraneanacademy.com\/en\/producto\/experiencia-cola-sirena\/\",\"url\":\"https:\/\/www.sirenasmediterraneanacademy.com\/en\/producto\/experiencia-cola-sirena\/\",\"name\":\"Experiencia Sirena + Cola de sirena - Sirenas Mediterranean Academy\",\"isPartOf\":{\"@id\":\"https:\/\/www.sirenasmediterraneanacademy.com\/#website\"},\"primaryImageOfPage\":{\"@id\":\"https:\/\/www.sirenasmediterraneanacademy.com\/en\/producto\/experiencia-cola-sirena\/#primaryimage\"},\"image\":{\"@id\":\"https:\/\/www.sirenasmediterraneanacademy.com\/en\/producto\/experiencia-cola-sirena\/#primaryimage\"},\"thumbnailUrl\":\"https:\/\/www.sirenasmediterraneanacademy.com\/wp-content\/uploads\/2015\/12\/Cola-Sirena-Experiencia.jpg\",\"datePublished\":\"2015-12-13T18:15:11+00:00\",\"dateModified\":\"2019-07-30T18:11:41+00:00\",\"description\":\"Convi\u00e9rtete en Sirena y Trit\u00f3n. Aprende a nadar en nuestra Academia y disfruta con nuestra cola de sirena. Pack completo: Experiencia sirena + cola sirena\",\"breadcrumb\":{\"@id\":\"https:\/\/www.sirenasmediterraneanacademy.com\/en\/producto\/experiencia-cola-sirena\/#breadcrumb\"},\"inLanguage\":\"en-US\",\"potentialAction\":[{\"@type\":\"ReadAction\",\"target\":[\"https:\/\/www.sirenasmediterraneanacademy.com\/en\/producto\/experiencia-cola-sirena\/\"]}]},{\"@type\":\"ImageObject\",\"inLanguage\":\"en-US\",\"@id\":\"https:\/\/www.sirenasmediterraneanacademy.com\/en\/producto\/experiencia-cola-sirena\/#primaryimage\",\"url\":\"https:\/\/www.sirenasmediterraneanacademy.com\/wp-content\/uploads\/2015\/12\/Cola-Sirena-Experiencia.jpg\",\"contentUrl\":\"https:\/\/www.sirenasmediterraneanacademy.com\/wp-content\/uploads\/2015\/12\/Cola-Sirena-Experiencia.jpg\",\"width\":1024,\"height\":1024},{\"@type\":\"BreadcrumbList\",\"@id\":\"https:\/\/www.sirenasmediterraneanacademy.com\/en\/producto\/experiencia-cola-sirena\/#breadcrumb\",\"itemListElement\":[{\"@type\":\"ListItem\",\"position\":1,\"name\":\"Portada\",\"item\":\"https:\/\/www.sirenasmediterraneanacademy.com\/en\/\"},{\"@type\":\"ListItem\",\"position\":2,\"name\":\"Tienda Sirenas\",\"item\":\"https:\/\/www.sirenasmediterraneanacademy.com\/tienda\/\"},{\"@type\":\"ListItem\",\"position\":3,\"name\":\"Experiencia Sirenas + Cola de Sirena\"}]},{\"@type\":\"WebSite\",\"@id\":\"https:\/\/www.sirenasmediterraneanacademy.com\/#website\",\"url\":\"https:\/\/www.sirenasmediterraneanacademy.com\/\",\"name\":\"Sirenas Mediterranean Academy\",\"description\":\"Academia de Sirenas y Tritones\",\"publisher\":{\"@id\":\"https:\/\/www.sirenasmediterraneanacademy.com\/#organization\"},\"potentialAction\":[{\"@type\":\"SearchAction\",\"target\":{\"@type\":\"EntryPoint\",\"urlTemplate\":\"https:\/\/www.sirenasmediterraneanacademy.com\/?s={search_term_string}\"},\"query-input\":\"required name=search_term_string\"}],\"inLanguage\":\"en-US\"},{\"@type\":\"Organization\",\"@id\":\"https:\/\/www.sirenasmediterraneanacademy.com\/#organization\",\"name\":\"Sirenas Mediterranean Academy\",\"url\":\"https:\/\/www.sirenasmediterraneanacademy.com\/\",\"logo\":{\"@type\":\"ImageObject\",\"inLanguage\":\"en-US\",\"@id\":\"https:\/\/www.sirenasmediterraneanacademy.com\/#\/schema\/logo\/image\/\",\"url\":\"https:\/\/www.sirenasmediterraneanacademy.com\/wp-content\/uploads\/2021\/01\/sirena-letras-rojo.png\",\"contentUrl\":\"https:\/\/www.sirenasmediterraneanacademy.com\/wp-content\/uploads\/2021\/01\/sirena-letras-rojo.png\",\"width\":502,\"height\":401,\"caption\":\"Sirenas Mediterranean Academy\"},\"image\":{\"@id\":\"https:\/\/www.sirenasmediterraneanacademy.com\/#\/schema\/logo\/image\/\"},\"sameAs\":[\"https:\/\/www.facebook.com\/sirenas.mediterranean.academy\",\"https:\/\/x.com\/sirenas_academy\",\"https:\/\/www.youtube.com\/channel\/UCtgKqNb3aSddn3ckShjc5Gg\"]}]}<\/script>\n<!-- \/ Yoast SEO plugin. -->","yoast_head_json":{"title":"Experiencia Sirena + Cola de sirena - Sirenas Mediterranean Academy","description":"Convi\u00e9rtete en Sirena y Trit\u00f3n. Aprende a nadar en nuestra Academia y disfruta con nuestra cola de sirena. Pack completo: Experiencia sirena + cola sirena","robots":{"index":"index","follow":"follow","max-snippet":"max-snippet:-1","max-image-preview":"max-image-preview:large","max-video-preview":"max-video-preview:-1"},"canonical":"https:\/\/www.sirenasmediterraneanacademy.com\/en\/producto\/experiencia-cola-sirena\/","og_locale":"en_US","og_type":"article","og_title":"Experiencia Sirena + Cola de sirena - Sirenas Mediterranean Academy","og_description":"Convi\u00e9rtete en Sirena y Trit\u00f3n. Aprende a nadar en nuestra Academia y disfruta con nuestra cola de sirena. Pack completo: Experiencia sirena + cola sirena","og_url":"https:\/\/www.sirenasmediterraneanacademy.com\/en\/producto\/experiencia-cola-sirena\/","og_site_name":"Sirenas Mediterranean Academy","article_publisher":"https:\/\/www.facebook.com\/sirenas.mediterranean.academy","article_modified_time":"2019-07-30T18:11:41+00:00","og_image":[{"width":1024,"height":1024,"url":"https:\/\/www.sirenasmediterraneanacademy.com\/wp-content\/uploads\/2015\/12\/Cola-Sirena-Experiencia.jpg","type":"image\/jpeg"}],"twitter_card":"summary_large_image","twitter_site":"@sirenas_academy","twitter_misc":{"Est. reading time":"1 minute"},"schema":{"@context":"https:\/\/schema.org","@graph":[{"@type":"WebPage","@id":"https:\/\/www.sirenasmediterraneanacademy.com\/en\/producto\/experiencia-cola-sirena\/","url":"https:\/\/www.sirenasmediterraneanacademy.com\/en\/producto\/experiencia-cola-sirena\/","name":"Experiencia Sirena + Cola de sirena - Sirenas Mediterranean Academy","isPartOf":{"@id":"https:\/\/www.sirenasmediterraneanacademy.com\/#website"},"primaryImageOfPage":{"@id":"https:\/\/www.sirenasmediterraneanacademy.com\/en\/producto\/experiencia-cola-sirena\/#primaryimage"},"image":{"@id":"https:\/\/www.sirenasmediterraneanacademy.com\/en\/producto\/experiencia-cola-sirena\/#primaryimage"},"thumbnailUrl":"https:\/\/www.sirenasmediterraneanacademy.com\/wp-content\/uploads\/2015\/12\/Cola-Sirena-Experiencia.jpg","datePublished":"2015-12-13T18:15:11+00:00","dateModified":"2019-07-30T18:11:41+00:00","description":"Convi\u00e9rtete en Sirena y Trit\u00f3n. Aprende a nadar en nuestra Academia y disfruta con nuestra cola de sirena. Pack completo: Experiencia sirena + cola sirena","breadcrumb":{"@id":"https:\/\/www.sirenasmediterraneanacademy.com\/en\/producto\/experiencia-cola-sirena\/#breadcrumb"},"inLanguage":"en-US","potentialAction":[{"@type":"ReadAction","target":["https:\/\/www.sirenasmediterraneanacademy.com\/en\/producto\/experiencia-cola-sirena\/"]}]},{"@type":"ImageObject","inLanguage":"en-US","@id":"https:\/\/www.sirenasmediterraneanacademy.com\/en\/producto\/experiencia-cola-sirena\/#primaryimage","url":"https:\/\/www.sirenasmediterraneanacademy.com\/wp-content\/uploads\/2015\/12\/Cola-Sirena-Experiencia.jpg","contentUrl":"https:\/\/www.sirenasmediterraneanacademy.com\/wp-content\/uploads\/2015\/12\/Cola-Sirena-Experiencia.jpg","width":1024,"height":1024},{"@type":"BreadcrumbList","@id":"https:\/\/www.sirenasmediterraneanacademy.com\/en\/producto\/experiencia-cola-sirena\/#breadcrumb","itemListElement":[{"@type":"ListItem","position":1,"name":"Portada","item":"https:\/\/www.sirenasmediterraneanacademy.com\/en\/"},{"@type":"ListItem","position":2,"name":"Tienda Sirenas","item":"https:\/\/www.sirenasmediterraneanacademy.com\/tienda\/"},{"@type":"ListItem","position":3,"name":"Experiencia Sirenas + Cola de Sirena"}]},{"@type":"WebSite","@id":"https:\/\/www.sirenasmediterraneanacademy.com\/#website","url":"https:\/\/www.sirenasmediterraneanacademy.com\/","name":"Sirenas Mediterranean Academy","description":"Academia de Sirenas y Tritones","publisher":{"@id":"https:\/\/www.sirenasmediterraneanacademy.com\/#organization"},"potentialAction":[{"@type":"SearchAction","target":{"@type":"EntryPoint","urlTemplate":"https:\/\/www.sirenasmediterraneanacademy.com\/?s={search_term_string}"},"query-input":"required name=search_term_string"}],"inLanguage":"en-US"},{"@type":"Organization","@id":"https:\/\/www.sirenasmediterraneanacademy.com\/#organization","name":"Sirenas Mediterranean Academy","url":"https:\/\/www.sirenasmediterraneanacademy.com\/","logo":{"@type":"ImageObject","inLanguage":"en-US","@id":"https:\/\/www.sirenasmediterraneanacademy.com\/#\/schema\/logo\/image\/","url":"https:\/\/www.sirenasmediterraneanacademy.com\/wp-content\/uploads\/2021\/01\/sirena-letras-rojo.png","contentUrl":"https:\/\/www.sirenasmediterraneanacademy.com\/wp-content\/uploads\/2021\/01\/sirena-letras-rojo.png","width":502,"height":401,"caption":"Sirenas Mediterranean Academy"},"image":{"@id":"https:\/\/www.sirenasmediterraneanacademy.com\/#\/schema\/logo\/image\/"},"sameAs":["https:\/\/www.facebook.com\/sirenas.mediterranean.academy","https:\/\/x.com\/sirenas_academy","https:\/\/www.youtube.com\/channel\/UCtgKqNb3aSddn3ckShjc5Gg"]}]}},"_links":{"self":[{"href":"https:\/\/www.sirenasmediterraneanacademy.com\/en\/wp-json\/wp\/v2\/product\/17588"}],"collection":[{"href":"https:\/\/www.sirenasmediterraneanacademy.com\/en\/wp-json\/wp\/v2\/product"}],"about":[{"href":"https:\/\/www.sirenasmediterraneanacademy.com\/en\/wp-json\/wp\/v2\/types\/product"}],"replies":[{"embeddable":true,"href":"https:\/\/www.sirenasmediterraneanacademy.com\/en\/wp-json\/wp\/v2\/comments?post=17588"}],"wp:featuredmedia":[{"embeddable":true,"href":"https:\/\/www.sirenasmediterraneanacademy.com\/en\/wp-json\/wp\/v2\/media\/17554"}],"wp:attachment":[{"href":"https:\/\/www.sirenasmediterraneanacademy.com\/en\/wp-json\/wp\/v2\/media?parent=17588"}],"wp:term":[{"taxonomy":"product_cat","embeddable":true,"href":"https:\/\/www.sirenasmediterraneanacademy.com\/en\/wp-json\/wp\/v2\/product_cat?post=17588"},{"taxonomy":"product_tag","embeddable":true,"href":"https:\/\/www.sirenasmediterraneanacademy.com\/en\/wp-json\/wp\/v2\/product_tag?post=17588"}],"curies":[{"name":"wp","href":"https:\/\/api.w.org\/{rel}","templated":true}]}}