{"id":18509,"date":"2016-07-13T10:06:26","date_gmt":"2016-07-13T10:06:26","guid":{"rendered":"http:\/\/www.sirenasmediterraneanacademy.com\/en\/product\/tarjeta-regalo-experiencia-sirenas-triton\/"},"modified":"2020-10-07T12:21:15","modified_gmt":"2020-10-07T12:21:15","slug":"tarjeta-regalo-experiencia-sirenas-triton","status":"publish","type":"product","link":"https:\/\/www.sirenasmediterraneanacademy.com\/en\/producto\/tarjeta-regalo-experiencia-sirenas-triton\/","title":{"rendered":"Tarjeta Regalo Sirena"},"content":{"rendered":"<h3>Regalo Sirena y Trit\u00f3n: sorprende haciendo un regalo original y \u00fanico.<\/h3>\n<p>Las experiencias nunca se olvidan siempre quedan en nuestro recuerdo, por eso te ofrecemos 3 cursos sirena y trit\u00f3n para comprar o regalar sirenas.<\/p>\n<ul>\n<li><a href=\"https:\/\/www.sirenasmediterraneanacademy.com\/sirenita-splash\/\" target=\"_blank\">Sirenita Splash<\/a>\u00a0(para ni\u00f1os de 5 a 7 a\u00f1os)<\/li>\n<li><a href=\"https:\/\/www.sirenasmediterraneanacademy.com\/en\/mermaid-baptism\/\" target=\"_blank\">Bautizo Sirena \/ Trit\u00f3n<\/a>\u00a0 (a partir de 8 a\u00f1os hasta 99)<\/li>\n<li><a href=\"https:\/\/www.sirenasmediterraneanacademy.com\/experiencia-sirenas\/\" target=\"_blank\">Experiencia Sirena<\/a>\u00a0(La experiencia completa : piscina y mar)<\/li>\n<\/ul>\n<p>Otras opciones de Regalos de Sirena que tambi\u00e9n te pueden interesar son:<\/p>\n<ul>\n<li>Nuestras <a href=\"https:\/\/www.sirenasmediterraneanacademy.com\/en\/colas-de-sirenas\/\" target=\"_blank\">colas de sirena<\/a><\/li>\n<li>Super Regalo Sirena:\u00a0\u00a0<a href=\"http:\/\/www.sirenasmediterraneanacademy.com\/producto\/experiencia-cola-sirena\/\" target=\"_blank\">Experiencia Sirena + Cola de sirena\u00a0<\/a><\/li>\n<\/ul>\n<h3><\/h3>\n<h3>En qu\u00e9 consisten los Cursos \/ Experiencias de Sirena y trit\u00f3n:<\/h3>\n<p>En una actividad que se realiza en una piscina. Durante aproximadamente 120 minutos nuestro instructor te guiar\u00e1 en todo momento nadando contigo en la piscina,\u00a0para que aprendas a moverte con seguridad y de una forma divertida.<\/p>\n<ul>\n<li>Te prestaremos\u00a0un traje de Sirena o Trit\u00f3n de tu talla, para que realices\u00a0la experiencia sirena.<\/li>\n<li>Aprender\u00e1s t\u00e9cnicas de nado, respiraci\u00f3n y propulsi\u00f3n.<\/li>\n<li>Los principios b\u00e1sicos de seguridad con tu cola de sirena.<\/li>\n<li>Conocer\u00e1s el origen mitol\u00f3gico de las Sirenas y los Tritones.<\/li>\n<li>Te divertir\u00e1s haciendo una actividad acu\u00e1tica diferente.<\/li>\n<li>Acabaremos recuperando fuerzas con un zumo,\u00a0mientras sacamos\u00a0las \u00faltimas fotos del d\u00eda y te entregamos el Diploma de Participaci\u00f3n SMA de nuestra Academia de Sirenas.<\/li>\n<\/ul>\n<p>&nbsp;<\/p>\n<h3>Cu\u00e1ndo y d\u00f3nde se realizan los cursos de sirena personalizada<\/h3>\n<p>Ofrecemos las experiencias de\u00a0Sirena en diferentes piscinas de Tarragona y Costa Dorada, Barcelona y Tenerife. Cuando recibas la tarjeta regalo sirena solo tienes que llamarnos, te propondremos diferentes opciones para que escojas qu\u00e9 d\u00eda y a qu\u00e9 hora quieres venir realizar la actividad que te han regalado.<\/p>\n<p>&nbsp;<\/p>\n<h3>C\u00f3mo recibo la tarjeta regalo sirena<\/h3>\n<p>En cuanto hayas adquirido una <strong>Tarjeta Regalo Sirena\u00a0y\u00a0Trit\u00f3n <\/strong>a trav\u00e9s de la Tienda Sirenas, o si se te olvida nosotros contactaremos contigo por tel\u00e9fono, para que nos des el nombre de la persona a quien vas a regalar la experiencia. R\u00e1pidamente te enviaremos una tarjeta regalo sirena personalizada, con el nombre de su destinatario y las instrucciones de uso.<\/p>\n<h3>Idea Sirena<\/h3>\n<p>Elige una botella bonita, decorala con motivos marina e introduce dentro la tarjeta regalo sirena o trit\u00f3n. As\u00ed sorprender\u00e1s a tu ser especial. Y tendr\u00e1 regalo doble, el d\u00eda que se la entragas con tu cari\u00f1o especial al preparar la botella de sirena procedente del mar y el d\u00eda que vienes a realizar la experiencia sirena.<\/p>\n<p>&nbsp;<\/p>\n<h3>Para qui\u00e9n la experiencia Sirena y Trit\u00f3n es un buen regalo:<\/h3>\n<ul>\n<li>Para ni\u00f1os y ni\u00f1as a partir de 5 a\u00f1os, que sue\u00f1an en convertirse en sirena o trit\u00f3n.<\/li>\n<li>J\u00f3venes a quien les encante el deporte, nadar, la piscina y el mar.<\/li>\n<li>Familias que quieran pasar juntos un d\u00eda muy especial.<\/li>\n<li>Y para todos aquellos que disfrutaron con la Sirenita Ariel, Splash o cualquier pel\u00edcula que les entusiasma.<\/li>\n<li>Ideal para regalo de cumplea\u00f1os sirenas y regalo de comuni\u00f3n para ni\u00f1as de 8 a\u00f1os.<\/li>\n<\/ul>\n<p>Son muchas las familias, los chicos y las chicas que han vivido una <strong>Experiencia de Sirena y\u00a0Trit\u00f3n<\/strong>, mira los <a href=\"https:\/\/www.tripadvisor.es\/Attraction_Review-g187503-d7767177-Reviews-Sirenas_Mediterranean_Academy-Tarragona_Costa_Dorada_Province_of_Tarragona_Catalo.html\" target=\"_blank\">comentarios que han dejado en Trip Advisor<\/a>.<\/p>\n<p><em>Durante la pandemia de la Covid-19 alargamos la caducidad de la Tarjeta Regalo Sirena y trit\u00f3n, contactanos 677977628 para que te ayudemos?<\/em><\/p>\n","protected":false},"excerpt":{"rendered":"<p>Convi\u00e9rtete en Sirena por un d\u00eda. Haz feliz a tu ser querido con este regalo sirena una experiencia original e \u00fanica.<\/p>\n<p>\u2217 A partir de 5 a\u00f1os<\/p>\n","protected":false},"featured_media":17552,"comment_status":"closed","ping_status":"closed","template":"","meta":[],"product_cat":[514,515,516],"product_tag":[],"yoast_head":"<!-- This site is optimized with the Yoast SEO plugin v22.8 - https:\/\/yoast.com\/wordpress\/plugins\/seo\/ -->\n<title>Comprar Tarjeta Regalo Sirena y Trit\u00f3n - Sirenas Mediterranean Academy<\/title>\n<meta name=\"description\" content=\"Regala una experiencia de Bautizo sirena y Trit\u00f3n, la experiencia nunca se olvidan siempre quedan en nuestro recuerdo. Te proponemos diferentes opciones\" \/>\n<meta name=\"robots\" content=\"index, follow, max-snippet:-1, max-image-preview:large, max-video-preview:-1\" \/>\n<link rel=\"canonical\" href=\"https:\/\/www.sirenasmediterraneanacademy.com\/producto\/tarjeta-regalo-experiencia-sirenas-triton\/\" \/>\n<meta property=\"og:locale\" content=\"en_US\" \/>\n<meta property=\"og:type\" content=\"article\" \/>\n<meta property=\"og:title\" content=\"Comprar Tarjeta Regalo Sirena y Trit\u00f3n - Sirenas Mediterranean Academy\" \/>\n<meta property=\"og:description\" content=\"Regala una experiencia de Bautizo sirena y Trit\u00f3n, la experiencia nunca se olvidan siempre quedan en nuestro recuerdo. Te proponemos diferentes opciones\" \/>\n<meta property=\"og:url\" content=\"https:\/\/www.sirenasmediterraneanacademy.com\/producto\/tarjeta-regalo-experiencia-sirenas-triton\/\" \/>\n<meta property=\"og:site_name\" content=\"Sirenas Mediterranean Academy\" \/>\n<meta property=\"article:publisher\" content=\"https:\/\/www.facebook.com\/sirenas.mediterranean.academy\" \/>\n<meta property=\"article:modified_time\" content=\"2020-10-07T12:21:15+00:00\" \/>\n<meta property=\"og:image\" content=\"https:\/\/www.sirenasmediterraneanacademy.com\/wp-content\/uploads\/2015\/11\/Tarjeta-Regalo.png\" \/>\n\t<meta property=\"og:image:width\" content=\"522\" \/>\n\t<meta property=\"og:image:height\" content=\"521\" \/>\n\t<meta property=\"og:image:type\" content=\"image\/png\" \/>\n<meta name=\"twitter:card\" content=\"summary_large_image\" \/>\n<meta name=\"twitter:site\" content=\"@sirenas_academy\" \/>\n<meta name=\"twitter:label1\" content=\"Est. reading time\" \/>\n\t<meta name=\"twitter:data1\" content=\"3 minutes\" \/>\n<script type=\"application\/ld+json\" class=\"yoast-schema-graph\">{\"@context\":\"https:\/\/schema.org\",\"@graph\":[{\"@type\":\"WebPage\",\"@id\":\"https:\/\/www.sirenasmediterraneanacademy.com\/producto\/tarjeta-regalo-experiencia-sirenas-triton\/\",\"url\":\"https:\/\/www.sirenasmediterraneanacademy.com\/producto\/tarjeta-regalo-experiencia-sirenas-triton\/\",\"name\":\"Comprar Tarjeta Regalo Sirena y Trit\u00f3n - Sirenas Mediterranean Academy\",\"isPartOf\":{\"@id\":\"https:\/\/www.sirenasmediterraneanacademy.com\/#website\"},\"primaryImageOfPage\":{\"@id\":\"https:\/\/www.sirenasmediterraneanacademy.com\/producto\/tarjeta-regalo-experiencia-sirenas-triton\/#primaryimage\"},\"image\":{\"@id\":\"https:\/\/www.sirenasmediterraneanacademy.com\/producto\/tarjeta-regalo-experiencia-sirenas-triton\/#primaryimage\"},\"thumbnailUrl\":\"https:\/\/www.sirenasmediterraneanacademy.com\/wp-content\/uploads\/2015\/11\/Tarjeta-Regalo.png\",\"datePublished\":\"2016-07-13T10:06:26+00:00\",\"dateModified\":\"2020-10-07T12:21:15+00:00\",\"description\":\"Regala una experiencia de Bautizo sirena y Trit\u00f3n, la experiencia nunca se olvidan siempre quedan en nuestro recuerdo. Te proponemos diferentes opciones\",\"breadcrumb\":{\"@id\":\"https:\/\/www.sirenasmediterraneanacademy.com\/producto\/tarjeta-regalo-experiencia-sirenas-triton\/#breadcrumb\"},\"inLanguage\":\"en-US\",\"potentialAction\":[{\"@type\":\"ReadAction\",\"target\":[\"https:\/\/www.sirenasmediterraneanacademy.com\/producto\/tarjeta-regalo-experiencia-sirenas-triton\/\"]}]},{\"@type\":\"ImageObject\",\"inLanguage\":\"en-US\",\"@id\":\"https:\/\/www.sirenasmediterraneanacademy.com\/producto\/tarjeta-regalo-experiencia-sirenas-triton\/#primaryimage\",\"url\":\"https:\/\/www.sirenasmediterraneanacademy.com\/wp-content\/uploads\/2015\/11\/Tarjeta-Regalo.png\",\"contentUrl\":\"https:\/\/www.sirenasmediterraneanacademy.com\/wp-content\/uploads\/2015\/11\/Tarjeta-Regalo.png\",\"width\":522,\"height\":521},{\"@type\":\"BreadcrumbList\",\"@id\":\"https:\/\/www.sirenasmediterraneanacademy.com\/producto\/tarjeta-regalo-experiencia-sirenas-triton\/#breadcrumb\",\"itemListElement\":[{\"@type\":\"ListItem\",\"position\":1,\"name\":\"Portada\",\"item\":\"https:\/\/www.sirenasmediterraneanacademy.com\/en\/\"},{\"@type\":\"ListItem\",\"position\":2,\"name\":\"Tienda Sirenas\",\"item\":\"https:\/\/www.sirenasmediterraneanacademy.com\/tienda\/\"},{\"@type\":\"ListItem\",\"position\":3,\"name\":\"Tarjeta Regalo Sirena\"}]},{\"@type\":\"WebSite\",\"@id\":\"https:\/\/www.sirenasmediterraneanacademy.com\/#website\",\"url\":\"https:\/\/www.sirenasmediterraneanacademy.com\/\",\"name\":\"Sirenas Mediterranean Academy\",\"description\":\"Academia de Sirenas y Tritones\",\"publisher\":{\"@id\":\"https:\/\/www.sirenasmediterraneanacademy.com\/#organization\"},\"potentialAction\":[{\"@type\":\"SearchAction\",\"target\":{\"@type\":\"EntryPoint\",\"urlTemplate\":\"https:\/\/www.sirenasmediterraneanacademy.com\/?s={search_term_string}\"},\"query-input\":\"required name=search_term_string\"}],\"inLanguage\":\"en-US\"},{\"@type\":\"Organization\",\"@id\":\"https:\/\/www.sirenasmediterraneanacademy.com\/#organization\",\"name\":\"Sirenas Mediterranean Academy\",\"url\":\"https:\/\/www.sirenasmediterraneanacademy.com\/\",\"logo\":{\"@type\":\"ImageObject\",\"inLanguage\":\"en-US\",\"@id\":\"https:\/\/www.sirenasmediterraneanacademy.com\/#\/schema\/logo\/image\/\",\"url\":\"https:\/\/www.sirenasmediterraneanacademy.com\/wp-content\/uploads\/2021\/01\/sirena-letras-rojo.png\",\"contentUrl\":\"https:\/\/www.sirenasmediterraneanacademy.com\/wp-content\/uploads\/2021\/01\/sirena-letras-rojo.png\",\"width\":502,\"height\":401,\"caption\":\"Sirenas Mediterranean Academy\"},\"image\":{\"@id\":\"https:\/\/www.sirenasmediterraneanacademy.com\/#\/schema\/logo\/image\/\"},\"sameAs\":[\"https:\/\/www.facebook.com\/sirenas.mediterranean.academy\",\"https:\/\/x.com\/sirenas_academy\",\"https:\/\/www.youtube.com\/channel\/UCtgKqNb3aSddn3ckShjc5Gg\"]}]}<\/script>\n<!-- \/ Yoast SEO plugin. -->","yoast_head_json":{"title":"Comprar Tarjeta Regalo Sirena y Trit\u00f3n - Sirenas Mediterranean Academy","description":"Regala una experiencia de Bautizo sirena y Trit\u00f3n, la experiencia nunca se olvidan siempre quedan en nuestro recuerdo. Te proponemos diferentes opciones","robots":{"index":"index","follow":"follow","max-snippet":"max-snippet:-1","max-image-preview":"max-image-preview:large","max-video-preview":"max-video-preview:-1"},"canonical":"https:\/\/www.sirenasmediterraneanacademy.com\/producto\/tarjeta-regalo-experiencia-sirenas-triton\/","og_locale":"en_US","og_type":"article","og_title":"Comprar Tarjeta Regalo Sirena y Trit\u00f3n - Sirenas Mediterranean Academy","og_description":"Regala una experiencia de Bautizo sirena y Trit\u00f3n, la experiencia nunca se olvidan siempre quedan en nuestro recuerdo. Te proponemos diferentes opciones","og_url":"https:\/\/www.sirenasmediterraneanacademy.com\/producto\/tarjeta-regalo-experiencia-sirenas-triton\/","og_site_name":"Sirenas Mediterranean Academy","article_publisher":"https:\/\/www.facebook.com\/sirenas.mediterranean.academy","article_modified_time":"2020-10-07T12:21:15+00:00","og_image":[{"width":522,"height":521,"url":"https:\/\/www.sirenasmediterraneanacademy.com\/wp-content\/uploads\/2015\/11\/Tarjeta-Regalo.png","type":"image\/png"}],"twitter_card":"summary_large_image","twitter_site":"@sirenas_academy","twitter_misc":{"Est. reading time":"3 minutes"},"schema":{"@context":"https:\/\/schema.org","@graph":[{"@type":"WebPage","@id":"https:\/\/www.sirenasmediterraneanacademy.com\/producto\/tarjeta-regalo-experiencia-sirenas-triton\/","url":"https:\/\/www.sirenasmediterraneanacademy.com\/producto\/tarjeta-regalo-experiencia-sirenas-triton\/","name":"Comprar Tarjeta Regalo Sirena y Trit\u00f3n - Sirenas Mediterranean Academy","isPartOf":{"@id":"https:\/\/www.sirenasmediterraneanacademy.com\/#website"},"primaryImageOfPage":{"@id":"https:\/\/www.sirenasmediterraneanacademy.com\/producto\/tarjeta-regalo-experiencia-sirenas-triton\/#primaryimage"},"image":{"@id":"https:\/\/www.sirenasmediterraneanacademy.com\/producto\/tarjeta-regalo-experiencia-sirenas-triton\/#primaryimage"},"thumbnailUrl":"https:\/\/www.sirenasmediterraneanacademy.com\/wp-content\/uploads\/2015\/11\/Tarjeta-Regalo.png","datePublished":"2016-07-13T10:06:26+00:00","dateModified":"2020-10-07T12:21:15+00:00","description":"Regala una experiencia de Bautizo sirena y Trit\u00f3n, la experiencia nunca se olvidan siempre quedan en nuestro recuerdo. Te proponemos diferentes opciones","breadcrumb":{"@id":"https:\/\/www.sirenasmediterraneanacademy.com\/producto\/tarjeta-regalo-experiencia-sirenas-triton\/#breadcrumb"},"inLanguage":"en-US","potentialAction":[{"@type":"ReadAction","target":["https:\/\/www.sirenasmediterraneanacademy.com\/producto\/tarjeta-regalo-experiencia-sirenas-triton\/"]}]},{"@type":"ImageObject","inLanguage":"en-US","@id":"https:\/\/www.sirenasmediterraneanacademy.com\/producto\/tarjeta-regalo-experiencia-sirenas-triton\/#primaryimage","url":"https:\/\/www.sirenasmediterraneanacademy.com\/wp-content\/uploads\/2015\/11\/Tarjeta-Regalo.png","contentUrl":"https:\/\/www.sirenasmediterraneanacademy.com\/wp-content\/uploads\/2015\/11\/Tarjeta-Regalo.png","width":522,"height":521},{"@type":"BreadcrumbList","@id":"https:\/\/www.sirenasmediterraneanacademy.com\/producto\/tarjeta-regalo-experiencia-sirenas-triton\/#breadcrumb","itemListElement":[{"@type":"ListItem","position":1,"name":"Portada","item":"https:\/\/www.sirenasmediterraneanacademy.com\/en\/"},{"@type":"ListItem","position":2,"name":"Tienda Sirenas","item":"https:\/\/www.sirenasmediterraneanacademy.com\/tienda\/"},{"@type":"ListItem","position":3,"name":"Tarjeta Regalo Sirena"}]},{"@type":"WebSite","@id":"https:\/\/www.sirenasmediterraneanacademy.com\/#website","url":"https:\/\/www.sirenasmediterraneanacademy.com\/","name":"Sirenas Mediterranean Academy","description":"Academia de Sirenas y Tritones","publisher":{"@id":"https:\/\/www.sirenasmediterraneanacademy.com\/#organization"},"potentialAction":[{"@type":"SearchAction","target":{"@type":"EntryPoint","urlTemplate":"https:\/\/www.sirenasmediterraneanacademy.com\/?s={search_term_string}"},"query-input":"required name=search_term_string"}],"inLanguage":"en-US"},{"@type":"Organization","@id":"https:\/\/www.sirenasmediterraneanacademy.com\/#organization","name":"Sirenas Mediterranean Academy","url":"https:\/\/www.sirenasmediterraneanacademy.com\/","logo":{"@type":"ImageObject","inLanguage":"en-US","@id":"https:\/\/www.sirenasmediterraneanacademy.com\/#\/schema\/logo\/image\/","url":"https:\/\/www.sirenasmediterraneanacademy.com\/wp-content\/uploads\/2021\/01\/sirena-letras-rojo.png","contentUrl":"https:\/\/www.sirenasmediterraneanacademy.com\/wp-content\/uploads\/2021\/01\/sirena-letras-rojo.png","width":502,"height":401,"caption":"Sirenas Mediterranean Academy"},"image":{"@id":"https:\/\/www.sirenasmediterraneanacademy.com\/#\/schema\/logo\/image\/"},"sameAs":["https:\/\/www.facebook.com\/sirenas.mediterranean.academy","https:\/\/x.com\/sirenas_academy","https:\/\/www.youtube.com\/channel\/UCtgKqNb3aSddn3ckShjc5Gg"]}]}},"_links":{"self":[{"href":"https:\/\/www.sirenasmediterraneanacademy.com\/en\/wp-json\/wp\/v2\/product\/18509"}],"collection":[{"href":"https:\/\/www.sirenasmediterraneanacademy.com\/en\/wp-json\/wp\/v2\/product"}],"about":[{"href":"https:\/\/www.sirenasmediterraneanacademy.com\/en\/wp-json\/wp\/v2\/types\/product"}],"replies":[{"embeddable":true,"href":"https:\/\/www.sirenasmediterraneanacademy.com\/en\/wp-json\/wp\/v2\/comments?post=18509"}],"wp:featuredmedia":[{"embeddable":true,"href":"https:\/\/www.sirenasmediterraneanacademy.com\/en\/wp-json\/wp\/v2\/media\/17552"}],"wp:attachment":[{"href":"https:\/\/www.sirenasmediterraneanacademy.com\/en\/wp-json\/wp\/v2\/media?parent=18509"}],"wp:term":[{"taxonomy":"product_cat","embeddable":true,"href":"https:\/\/www.sirenasmediterraneanacademy.com\/en\/wp-json\/wp\/v2\/product_cat?post=18509"},{"taxonomy":"product_tag","embeddable":true,"href":"https:\/\/www.sirenasmediterraneanacademy.com\/en\/wp-json\/wp\/v2\/product_tag?post=18509"}],"curies":[{"name":"wp","href":"https:\/\/api.w.org\/{rel}","templated":true}]}}